{"id":2492,"date":"2024-03-10T00:17:22","date_gmt":"2024-03-10T00:17:22","guid":{"rendered":"https:\/\/mythonline.com\/?page_id=2492"},"modified":"2025-04-09T16:28:35","modified_gmt":"2025-04-09T16:28:35","slug":"mage","status":"publish","type":"page","link":"https:\/\/mythonline.com\/pt\/mage\/","title":{"rendered":"Mage"},"content":{"rendered":"<div data-elementor-type=\"wp-page\" data-elementor-id=\"2492\" class=\"elementor elementor-2492\" data-elementor-post-type=\"page\">\n\t\t\t\t<div class=\"elementor-element elementor-element-feae746 e-flex e-con-boxed e-con e-parent\" data-id=\"feae746\" data-element_type=\"container\">\n\t\t\t\t\t<div class=\"e-con-inner\">\n\t\t<div class=\"elementor-element elementor-element-12e4594 animated-slow e-flex e-con-boxed elementor-invisible e-con e-child\" data-id=\"12e4594\" data-element_type=\"container\" data-settings=\"{&quot;animation&quot;:&quot;fadeIn&quot;}\">\n\t\t\t\t\t<div class=\"e-con-inner\">\n\t\t\t\t<div class=\"elementor-element elementor-element-20ce565 animated-slow elementor-invisible elementor-widget elementor-widget-image\" data-id=\"20ce565\" data-element_type=\"widget\" data-settings=\"{&quot;_animation&quot;:&quot;fadeIn&quot;,&quot;ekit_we_effect_on&quot;:&quot;none&quot;}\" data-widget_type=\"image.default\">\n\t\t\t\t<div class=\"elementor-widget-container\">\n\t\t\t\t\t\t\t\t\t\t\t\t\t\t\t<img fetchpriority=\"high\" decoding=\"async\" width=\"800\" height=\"457\" src=\"https:\/\/mythonline.com\/wp-content\/uploads\/2024\/08\/mage-slide2-1024x585.webp\" class=\"attachment-large size-large wp-image-4233\" alt=\"\" srcset=\"https:\/\/mythonline.com\/wp-content\/uploads\/2024\/08\/mage-slide2-1024x585.webp 1024w, https:\/\/mythonline.com\/wp-content\/uploads\/2024\/08\/mage-slide2-300x171.webp 300w, https:\/\/mythonline.com\/wp-content\/uploads\/2024\/08\/mage-slide2-768x439.webp 768w, https:\/\/mythonline.com\/wp-content\/uploads\/2024\/08\/mage-slide2-1536x878.webp 1536w, https:\/\/mythonline.com\/wp-content\/uploads\/2024\/08\/mage-slide2-2048x1171.webp 2048w\" sizes=\"(max-width: 800px) 100vw, 800px\" \/>\t\t\t\t\t\t\t\t\t\t\t\t\t\t\t<\/div>\n\t\t\t\t<\/div>\n\t\t\t\t\t<\/div>\n\t\t\t\t<\/div>\n\t\t\t\t\t<\/div>\n\t\t\t\t<\/div>\n\t\t<div class=\"elementor-element elementor-element-17fb464 animated-slow e-flex e-con-boxed elementor-invisible e-con e-parent\" data-id=\"17fb464\" data-element_type=\"container\" data-settings=\"{&quot;animation&quot;:&quot;fadeIn&quot;}\">\n\t\t\t\t\t<div class=\"e-con-inner\">\n\t\t\t\t<div class=\"elementor-element elementor-element-1dac44a elementor-widget elementor-widget-heading\" data-id=\"1dac44a\" data-element_type=\"widget\" data-settings=\"{&quot;ekit_we_effect_on&quot;:&quot;none&quot;}\" data-widget_type=\"heading.default\">\n\t\t\t\t<div class=\"elementor-widget-container\">\n\t\t\t\t\t<h2 class=\"elementor-heading-title elementor-size-default\">Classe: Mage<\/h2>\t\t\t\t<\/div>\n\t\t\t\t<\/div>\n\t\t\t\t<div class=\"elementor-element elementor-element-7728b92 elementor-widget elementor-widget-heading\" data-id=\"7728b92\" data-element_type=\"widget\" data-settings=\"{&quot;ekit_we_effect_on&quot;:&quot;none&quot;}\" data-widget_type=\"heading.default\">\n\t\t\t\t<div class=\"elementor-widget-container\">\n\t\t\t\t\t<h2 class=\"elementor-heading-title elementor-size-default\">Descri\u00e7\u00e3o geral:<\/h2>\t\t\t\t<\/div>\n\t\t\t\t<\/div>\n\t\t\t\t<div class=\"elementor-element elementor-element-0bd97b8 elementor-widget elementor-widget-text-editor\" data-id=\"0bd97b8\" data-element_type=\"widget\" data-settings=\"{&quot;ekit_we_effect_on&quot;:&quot;none&quot;}\" data-widget_type=\"text-editor.default\">\n\t\t\t\t<div class=\"elementor-widget-container\">\n\t\t\t\t\t\t\t\t\t<p><span style=\"font-weight: 400;\">Magos s\u00e3o estudiosos dedicados cujo dom\u00ednio da magia \u00e9 incompar\u00e1vel. Eles s\u00e3o especializados em pesquisar e aprimorar encantamentos, moldando os elementos \u00e0 sua vontade. Embora n\u00e3o sejam robustos em termos de defesa, eles possuem um vasto arsenal de poderes m\u00e1gicos. De magias ofensivas a encantamentos de cura e habilidades especiais para aumentar ou diminuir atributos, os Magos desempenham um papel crucial em cada batalha, capazes de moldar o destino das guerras de Eldran.<\/span><\/p>\t\t\t\t\t\t\t\t<\/div>\n\t\t\t\t<\/div>\n\t\t\t\t<div class=\"elementor-element elementor-element-485379a elementor-widget elementor-widget-heading\" data-id=\"485379a\" data-element_type=\"widget\" data-settings=\"{&quot;ekit_we_effect_on&quot;:&quot;none&quot;}\" data-widget_type=\"heading.default\">\n\t\t\t\t<div class=\"elementor-widget-container\">\n\t\t\t\t\t<h2 class=\"elementor-heading-title elementor-size-default\">Hist\u00f3ria e Origem:\n<\/h2>\t\t\t\t<\/div>\n\t\t\t\t<\/div>\n\t\t\t\t<div class=\"elementor-element elementor-element-d558fbc elementor-widget elementor-widget-text-editor\" data-id=\"d558fbc\" data-element_type=\"widget\" data-settings=\"{&quot;ekit_we_effect_on&quot;:&quot;none&quot;}\" data-widget_type=\"text-editor.default\">\n\t\t\t\t<div class=\"elementor-widget-container\">\n\t\t\t\t\t\t\t\t\t<p><span style=\"font-weight: 400;\">A magia flui por Eldran, mas nenhum outro grupo humano a dominou com tanta per\u00edcia quanto os Magos. Origin\u00e1rios das terras des\u00e9rticas do reino eg\u00edpcio, onde o misticismo est\u00e1 profundamente entrela\u00e7ado com os antigos muros de pedra, os Magos surgiram como os verdadeiros guardi\u00f5es do conhecimento arcano. O Deus do reino eg\u00edpcio, R\u00e1, sempre aspirou desvendar os segredos da magia e do universo, inspirando toda a cultura eg\u00edpcia em uma busca incans\u00e1vel pela compreens\u00e3o dos poderes m\u00edsticos. Desde os tempos antigos, os habitantes que se estabeleceram nessas terras desenvolveram uma forte conex\u00e3o com o estudo e a compreens\u00e3o da magia, superando qualquer outro povo de Eldran em intelig\u00eancia e sabedoria.<\/span><\/p><p><span style=\"font-weight: 400;\">Magos s\u00e3o herdeiros desse legado de conhecimento e poder. Sua reputa\u00e7\u00e3o de intelig\u00eancia e habilidades m\u00e1gicas \u00e9 amplamente reconhecida e respeitada em todos os reinos de Eldran at\u00e9 hoje.<\/span><\/p><p>\u00a0<\/p>\t\t\t\t\t\t\t\t<\/div>\n\t\t\t\t<\/div>\n\t\t\t\t\t<\/div>\n\t\t\t\t<\/div>\n\t\t<div class=\"elementor-element elementor-element-8d703a0 e-flex e-con-boxed e-con e-parent\" data-id=\"8d703a0\" data-element_type=\"container\">\n\t\t\t\t\t<div class=\"e-con-inner\">\n\t\t\t\t<div class=\"elementor-element elementor-element-b948af5 elementor-widget elementor-widget-heading\" data-id=\"b948af5\" data-element_type=\"widget\" data-settings=\"{&quot;ekit_we_effect_on&quot;:&quot;none&quot;}\" data-widget_type=\"heading.default\">\n\t\t\t\t<div class=\"elementor-widget-container\">\n\t\t\t\t\t<h2 class=\"elementor-heading-title elementor-size-default\">Linhagem de Habilidades:\n<\/h2>\t\t\t\t<\/div>\n\t\t\t\t<\/div>\n\t\t\t\t<div class=\"elementor-element elementor-element-650188a elementor-widget elementor-widget-text-editor\" data-id=\"650188a\" data-element_type=\"widget\" data-settings=\"{&quot;ekit_we_effect_on&quot;:&quot;none&quot;}\" data-widget_type=\"text-editor.default\">\n\t\t\t\t<div class=\"elementor-widget-container\">\n\t\t\t\t\t\t\t\t\t<p><span style=\"font-weight: 400;\">Como Mago, voc\u00ea possui uma variedade de linhagens de habilidades para explorar, cada uma moldando seu estilo de combate de uma maneira \u00fanica:<\/span><\/p><h5><strong>Feiticeira \u2013 Cajado:<\/strong><\/h5><p><span style=\"font-weight: 400;\">Como uma Feiticeira, voc\u00ea se especializa no uso do cajado, canalizando poderosas magias elementais. Sua habilidade est\u00e1 em desencadear ataques de \u00e1rea m\u00e1gica devastadores, manipulando os elementos a seu favor para derrotar seus inimigos.<\/span><\/p><p>\u00a0<\/p><h5><strong>Sacerdotisa \u2013 Cetro e Escudo:<\/strong><\/h5><p><span style=\"font-weight: 400;\">Na linha de habilidade da Sacerdotisa, o foco est\u00e1 na defesa e no suporte. Armado com um cetro e escudo, voc\u00ea n\u00e3o apenas protege seus aliados, mas tamb\u00e9m tem a habilidade de cur\u00e1-los e fortalec\u00ea-los com buffs poderosos, tornando-se uma for\u00e7a indispens\u00e1vel em qualquer grupo de aventura.<\/span><\/p><p>\u00a0<\/p><h5><strong>Arquimago \u2013 Grim\u00f3rio:<\/strong><\/h5><p><span style=\"font-weight: 400;\">Na linhagem do Archmage, voc\u00ea mergulha nos mist\u00e9rios da magia do caos e do controle mental. Com o grim\u00f3rio em m\u00e3os, suas habilidades se concentram em lan\u00e7ar debuffs e causar dist\u00farbios em seus oponentes. Voc\u00ea pode envenenar, drenar energia e neutralizar as tentativas de regenera\u00e7\u00e3o de seus inimigos, tornando-se uma for\u00e7a manipuladora e sinistra no campo de batalha.<\/span><\/p><p>\u00a0<\/p>\t\t\t\t\t\t\t\t<\/div>\n\t\t\t\t<\/div>\n\t\t\t\t\t<\/div>\n\t\t\t\t<\/div>\n\t\t\t\t<\/div>","protected":false},"excerpt":{"rendered":"<p>Class: Mage General Description: Mages are dedicated scholars whose mastery of magic is unparalleled. They specialize in researching and enhancing enchantments, shaping the elements at their will. Although they are not robust in terms of defense, they possess a vast arsenal of magical powers. From offensive spells to healing enchantments and special abilities to increase [&hellip;]<\/p>","protected":false},"author":3,"featured_media":0,"parent":0,"menu_order":0,"comment_status":"closed","ping_status":"closed","template":"elementor_header_footer","meta":{"_acf_changed":false,"inline_featured_image":false,"footnotes":""},"class_list":["post-2492","page","type-page","status-publish","hentry"],"acf":[],"_links":{"self":[{"href":"https:\/\/mythonline.com\/pt\/wp-json\/wp\/v2\/pages\/2492","targetHints":{"allow":["GET"]}}],"collection":[{"href":"https:\/\/mythonline.com\/pt\/wp-json\/wp\/v2\/pages"}],"about":[{"href":"https:\/\/mythonline.com\/pt\/wp-json\/wp\/v2\/types\/page"}],"author":[{"embeddable":true,"href":"https:\/\/mythonline.com\/pt\/wp-json\/wp\/v2\/users\/3"}],"replies":[{"embeddable":true,"href":"https:\/\/mythonline.com\/pt\/wp-json\/wp\/v2\/comments?post=2492"}],"version-history":[{"count":7,"href":"https:\/\/mythonline.com\/pt\/wp-json\/wp\/v2\/pages\/2492\/revisions"}],"predecessor-version":[{"id":5240,"href":"https:\/\/mythonline.com\/pt\/wp-json\/wp\/v2\/pages\/2492\/revisions\/5240"}],"wp:attachment":[{"href":"https:\/\/mythonline.com\/pt\/wp-json\/wp\/v2\/media?parent=2492"}],"curies":[{"name":"wp","href":"https:\/\/api.w.org\/{rel}","templated":true}]}}