{"id":2569,"date":"2024-03-10T01:23:56","date_gmt":"2024-03-10T01:23:56","guid":{"rendered":"https:\/\/mythonline.com\/?page_id=2569"},"modified":"2025-04-09T16:30:05","modified_gmt":"2025-04-09T16:30:05","slug":"rogue","status":"publish","type":"page","link":"https:\/\/mythonline.com\/pt\/rogue\/","title":{"rendered":"Rogue"},"content":{"rendered":"<div data-elementor-type=\"wp-page\" data-elementor-id=\"2569\" class=\"elementor elementor-2569\" data-elementor-post-type=\"page\">\n\t\t\t\t<div class=\"elementor-element elementor-element-6a80c90b e-flex e-con-boxed e-con e-parent\" data-id=\"6a80c90b\" data-element_type=\"container\">\n\t\t\t\t\t<div class=\"e-con-inner\">\n\t\t<div class=\"elementor-element elementor-element-4d266d94 animated-slow e-flex e-con-boxed elementor-invisible e-con e-child\" data-id=\"4d266d94\" data-element_type=\"container\" data-settings=\"{&quot;animation&quot;:&quot;fadeIn&quot;}\">\n\t\t\t\t\t<div class=\"e-con-inner\">\n\t\t\t\t<div class=\"elementor-element elementor-element-d6214b3 elementor-widget elementor-widget-image\" data-id=\"d6214b3\" data-element_type=\"widget\" data-settings=\"{&quot;ekit_we_effect_on&quot;:&quot;none&quot;}\" data-widget_type=\"image.default\">\n\t\t\t\t<div class=\"elementor-widget-container\">\n\t\t\t\t\t\t\t\t\t\t\t\t\t\t\t<img fetchpriority=\"high\" decoding=\"async\" width=\"800\" height=\"451\" src=\"https:\/\/mythonline.com\/wp-content\/uploads\/2024\/05\/Arte-final-1024x577.png\" class=\"attachment-large size-large wp-image-4008\" alt=\"\" srcset=\"https:\/\/mythonline.com\/wp-content\/uploads\/2024\/05\/Arte-final-1024x577.png 1024w, https:\/\/mythonline.com\/wp-content\/uploads\/2024\/05\/Arte-final-300x169.png 300w, https:\/\/mythonline.com\/wp-content\/uploads\/2024\/05\/Arte-final-768x433.png 768w, https:\/\/mythonline.com\/wp-content\/uploads\/2024\/05\/Arte-final-1536x865.png 1536w, https:\/\/mythonline.com\/wp-content\/uploads\/2024\/05\/Arte-final-2048x1154.png 2048w\" sizes=\"(max-width: 800px) 100vw, 800px\" \/>\t\t\t\t\t\t\t\t\t\t\t\t\t\t\t<\/div>\n\t\t\t\t<\/div>\n\t\t\t\t\t<\/div>\n\t\t\t\t<\/div>\n\t\t\t\t\t<\/div>\n\t\t\t\t<\/div>\n\t\t<div class=\"elementor-element elementor-element-63dc8f2 animated-slow e-flex e-con-boxed elementor-invisible e-con e-parent\" data-id=\"63dc8f2\" data-element_type=\"container\" data-settings=\"{&quot;animation&quot;:&quot;fadeIn&quot;}\">\n\t\t\t\t\t<div class=\"e-con-inner\">\n\t\t\t\t<div class=\"elementor-element elementor-element-42ca3391 elementor-widget elementor-widget-heading\" data-id=\"42ca3391\" data-element_type=\"widget\" data-settings=\"{&quot;ekit_we_effect_on&quot;:&quot;none&quot;}\" data-widget_type=\"heading.default\">\n\t\t\t\t<div class=\"elementor-widget-container\">\n\t\t\t\t\t<h2 class=\"elementor-heading-title elementor-size-default\">Classe: Rogue<\/h2>\t\t\t\t<\/div>\n\t\t\t\t<\/div>\n\t\t\t\t<div class=\"elementor-element elementor-element-7b25c973 elementor-widget elementor-widget-heading\" data-id=\"7b25c973\" data-element_type=\"widget\" data-settings=\"{&quot;ekit_we_effect_on&quot;:&quot;none&quot;}\" data-widget_type=\"heading.default\">\n\t\t\t\t<div class=\"elementor-widget-container\">\n\t\t\t\t\t<h2 class=\"elementor-heading-title elementor-size-default\">Descri\u00e7\u00e3o geral:<\/h2>\t\t\t\t<\/div>\n\t\t\t\t<\/div>\n\t\t\t\t<div class=\"elementor-element elementor-element-69b6a91 elementor-widget elementor-widget-text-editor\" data-id=\"69b6a91\" data-element_type=\"widget\" data-settings=\"{&quot;ekit_we_effect_on&quot;:&quot;none&quot;}\" data-widget_type=\"text-editor.default\">\n\t\t\t\t<div class=\"elementor-widget-container\">\n\t\t\t\t\t\t\t\t\t<div id=\"acfifjfajpekbmhmjppnmmjgmhjkildl\" class=\"acfifjfajpekbmhmjppnmmjgmhjkildl\">\u00a0<\/div>\t\t\t\t\t\t\t\t<\/div>\n\t\t\t\t<\/div>\n\t\t\t\t<div class=\"elementor-element elementor-element-ff7b2ed elementor-widget elementor-widget-text-editor\" data-id=\"ff7b2ed\" data-element_type=\"widget\" data-settings=\"{&quot;ekit_we_effect_on&quot;:&quot;none&quot;}\" data-widget_type=\"text-editor.default\">\n\t\t\t\t<div class=\"elementor-widget-container\">\n\t\t\t\t\t\t\t\t\tA Rogue \u00e9 uma guerreira \u00e1gil, especializada em manobras furtivas e ataques precisos. Armada com um arco para ataques de longo alcance, garras para combate \u00e1gil ou adagas para ataques r\u00e1pidos, sua destreza a torna uma mestre da precis\u00e3o. No papel de DPS (Damage Per Second), a Rogue inflige dano letal com ataques corpo a corpo, evitando habilmente ataques inimigos. Sua habilidade de se mover rapidamente e atacar com precis\u00e3o a torna uma presen\u00e7a formid\u00e1vel e evasiva no campo de batalha.\t\t\t\t\t\t\t\t<\/div>\n\t\t\t\t<\/div>\n\t\t\t\t\t<\/div>\n\t\t\t\t<\/div>\n\t\t<div class=\"elementor-element elementor-element-5ef724a3 e-flex e-con-boxed e-con e-parent\" data-id=\"5ef724a3\" data-element_type=\"container\">\n\t\t\t\t\t<div class=\"e-con-inner\">\n\t\t\t\t<div class=\"elementor-element elementor-element-42a3a4f3 elementor-widget elementor-widget-heading\" data-id=\"42a3a4f3\" data-element_type=\"widget\" data-settings=\"{&quot;ekit_we_effect_on&quot;:&quot;none&quot;}\" data-widget_type=\"heading.default\">\n\t\t\t\t<div class=\"elementor-widget-container\">\n\t\t\t\t\t<h2 class=\"elementor-heading-title elementor-size-default\">Linhagem de Habilidades:\n<\/h2>\t\t\t\t<\/div>\n\t\t\t\t<\/div>\n\t\t\t\t<div class=\"elementor-element elementor-element-29269c58 elementor-widget elementor-widget-text-editor\" data-id=\"29269c58\" data-element_type=\"widget\" data-settings=\"{&quot;ekit_we_effect_on&quot;:&quot;none&quot;}\" data-widget_type=\"text-editor.default\">\n\t\t\t\t<div class=\"elementor-widget-container\">\n\t\t\t\t\t\t\t\t\t<p>Como uma Rogue, voc\u00ea possui uma variedade de linhagens de habilidades para explorar, cada uma moldando exclusivamente seu estilo de combate:<\/p><p><strong>Archer \u2013 Arco:<\/strong> Na linhagem Archer, Rogues se especializam no uso do arco, tornando-se mestres do combate de longo alcance. Com ataques precisos e frequentes, eles podem dar tiros precisos de longo alcance, incluindo tiros m\u00faltiplos. No entanto, sua baixa defesa os torna vulner\u00e1veis \u200b\u200ba contra-ataques, tornando a evas\u00e3o e a agilidade suas melhores defesas.<\/p><p><strong>Assassin \u2013 Garra:<\/strong> Rogues que escolhem a linhagem Assassin dominam a arte do combate corpo a corpo, usando garras para infligir dano cr\u00edtico e brutal em seus inimigos. Al\u00e9m de seu potencial ofensivo, as garras tamb\u00e9m servem como uma forma de defesa, cobrindo as m\u00e3os e grande parte dos bra\u00e7os, permitindo que Assassins bloqueiem e desviem ataques, fornecendo prote\u00e7\u00e3o adicional que os torna mais resilientes em combate.<\/p><p><strong>Duelist \u2013 Adagas Duplas<\/strong>: Os Duelist Rogues s\u00e3o mestres da agilidade e ast\u00facia, optando pelo uso de adagas duplas em combate. Com ataques \u00e1geis e movimentos r\u00e1pidos, eles podem escapar de ataques inimigos enquanto lan\u00e7am ataques precisos e venenosos. Suas l\u00e2minas envenenadas t\u00eam o poder de paralisar ou envenenar seus oponentes, fornecendo uma vantagem t\u00e1tica crucial em batalhas prolongadas.<\/p>\t\t\t\t\t\t\t\t<\/div>\n\t\t\t\t<\/div>\n\t\t\t\t\t<\/div>\n\t\t\t\t<\/div>\n\t\t\t\t<\/div>","protected":false},"excerpt":{"rendered":"<p>Class: Rogue General Description: \u00a0The Rogue is an agile warrior, specialized in stealth maneuvers and precise attacks. Armed with a bow for long-range attacks, claws for agile combat, or daggers for quick strikes, her dexterity makes her a master of precision. In the role of DPS (Damage Per Second), the Rogue inflicts lethal damage with [&hellip;]<\/p>","protected":false},"author":3,"featured_media":0,"parent":0,"menu_order":0,"comment_status":"closed","ping_status":"closed","template":"elementor_header_footer","meta":{"_acf_changed":false,"inline_featured_image":false,"footnotes":""},"class_list":["post-2569","page","type-page","status-publish","hentry"],"acf":[],"_links":{"self":[{"href":"https:\/\/mythonline.com\/pt\/wp-json\/wp\/v2\/pages\/2569","targetHints":{"allow":["GET"]}}],"collection":[{"href":"https:\/\/mythonline.com\/pt\/wp-json\/wp\/v2\/pages"}],"about":[{"href":"https:\/\/mythonline.com\/pt\/wp-json\/wp\/v2\/types\/page"}],"author":[{"embeddable":true,"href":"https:\/\/mythonline.com\/pt\/wp-json\/wp\/v2\/users\/3"}],"replies":[{"embeddable":true,"href":"https:\/\/mythonline.com\/pt\/wp-json\/wp\/v2\/comments?post=2569"}],"version-history":[{"count":7,"href":"https:\/\/mythonline.com\/pt\/wp-json\/wp\/v2\/pages\/2569\/revisions"}],"predecessor-version":[{"id":5255,"href":"https:\/\/mythonline.com\/pt\/wp-json\/wp\/v2\/pages\/2569\/revisions\/5255"}],"wp:attachment":[{"href":"https:\/\/mythonline.com\/pt\/wp-json\/wp\/v2\/media?parent=2569"}],"curies":[{"name":"wp","href":"https:\/\/api.w.org\/{rel}","templated":true}]}}