{"id":2578,"date":"2024-03-10T01:25:55","date_gmt":"2024-03-10T01:25:55","guid":{"rendered":"https:\/\/mythonline.com\/?page_id=2578"},"modified":"2025-04-09T16:31:12","modified_gmt":"2025-04-09T16:31:12","slug":"warrior","status":"publish","type":"page","link":"https:\/\/mythonline.com\/pt\/warrior\/","title":{"rendered":"Warrior"},"content":{"rendered":"<div data-elementor-type=\"wp-page\" data-elementor-id=\"2578\" class=\"elementor elementor-2578\" data-elementor-post-type=\"page\">\n\t\t\t\t<div class=\"elementor-element elementor-element-605a59f0 e-flex e-con-boxed e-con e-parent\" data-id=\"605a59f0\" data-element_type=\"container\">\n\t\t\t\t\t<div class=\"e-con-inner\">\n\t\t<div class=\"elementor-element elementor-element-4456b36 animated-slow e-flex e-con-boxed elementor-invisible e-con e-child\" data-id=\"4456b36\" data-element_type=\"container\" data-settings=\"{&quot;animation&quot;:&quot;fadeIn&quot;}\">\n\t\t\t\t\t<div class=\"e-con-inner\">\n\t\t\t\t<div class=\"elementor-element elementor-element-1d032dc animated-slow elementor-invisible elementor-widget elementor-widget-image\" data-id=\"1d032dc\" data-element_type=\"widget\" data-settings=\"{&quot;_animation&quot;:&quot;fadeIn&quot;,&quot;ekit_we_effect_on&quot;:&quot;none&quot;}\" data-widget_type=\"image.default\">\n\t\t\t\t<div class=\"elementor-widget-container\">\n\t\t\t\t\t\t\t\t\t\t\t\t\t\t\t<img fetchpriority=\"high\" decoding=\"async\" width=\"800\" height=\"691\" src=\"https:\/\/mythonline.com\/wp-content\/uploads\/2024\/07\/warrior-page-1024x884.webp\" class=\"attachment-large size-large wp-image-4118\" alt=\"\" srcset=\"https:\/\/mythonline.com\/wp-content\/uploads\/2024\/07\/warrior-page-1024x884.webp 1024w, https:\/\/mythonline.com\/wp-content\/uploads\/2024\/07\/warrior-page-300x259.webp 300w, https:\/\/mythonline.com\/wp-content\/uploads\/2024\/07\/warrior-page-768x663.webp 768w, https:\/\/mythonline.com\/wp-content\/uploads\/2024\/07\/warrior-page-1536x1327.webp 1536w, https:\/\/mythonline.com\/wp-content\/uploads\/2024\/07\/warrior-page-2048x1769.webp 2048w, https:\/\/mythonline.com\/wp-content\/uploads\/2024\/07\/warrior-page-14x12.webp 14w\" sizes=\"(max-width: 800px) 100vw, 800px\" \/>\t\t\t\t\t\t\t\t\t\t\t\t\t\t\t<\/div>\n\t\t\t\t<\/div>\n\t\t\t\t\t<\/div>\n\t\t\t\t<\/div>\n\t\t\t\t\t<\/div>\n\t\t\t\t<\/div>\n\t\t<div class=\"elementor-element elementor-element-1524a59b animated-slow e-flex e-con-boxed elementor-invisible e-con e-parent\" data-id=\"1524a59b\" data-element_type=\"container\" data-settings=\"{&quot;animation&quot;:&quot;fadeIn&quot;}\">\n\t\t\t\t\t<div class=\"e-con-inner\">\n\t\t\t\t<div class=\"elementor-element elementor-element-1a1f72e7 elementor-widget elementor-widget-heading\" data-id=\"1a1f72e7\" data-element_type=\"widget\" data-settings=\"{&quot;ekit_we_effect_on&quot;:&quot;none&quot;}\" data-widget_type=\"heading.default\">\n\t\t\t\t<div class=\"elementor-widget-container\">\n\t\t\t\t\t<h2 class=\"elementor-heading-title elementor-size-default\">Classe: Warrior<\/h2>\t\t\t\t<\/div>\n\t\t\t\t<\/div>\n\t\t\t\t<div class=\"elementor-element elementor-element-71ec566c elementor-widget elementor-widget-heading\" data-id=\"71ec566c\" data-element_type=\"widget\" data-settings=\"{&quot;ekit_we_effect_on&quot;:&quot;none&quot;}\" data-widget_type=\"heading.default\">\n\t\t\t\t<div class=\"elementor-widget-container\">\n\t\t\t\t\t<h2 class=\"elementor-heading-title elementor-size-default\">Descri\u00e7\u00e3o geral:<\/h2>\t\t\t\t<\/div>\n\t\t\t\t<\/div>\n\t\t\t\t<div class=\"elementor-element elementor-element-20e02215 elementor-widget elementor-widget-text-editor\" data-id=\"20e02215\" data-element_type=\"widget\" data-settings=\"{&quot;ekit_we_effect_on&quot;:&quot;none&quot;}\" data-widget_type=\"text-editor.default\">\n\t\t\t\t<div class=\"elementor-widget-container\">\n\t\t\t\t\t\t\t\t\t<p>Warriors s\u00e3o os pilares da batalha em Eldran. Com sua for\u00e7a inigual\u00e1vel e habilidades de combate superiores, eles lideram a linha de frente contra qualquer desafio que se apresente. Armados at\u00e9 os dentes com espadas, lan\u00e7as e escudos, os guerreiros s\u00e3o mestres na arte da defesa e do ataque. Sua coragem e determina\u00e7\u00e3o s\u00e3o inigual\u00e1veis, tornando-os verdadeiros her\u00f3is em meio ao caos da guerra.<\/p>\t\t\t\t\t\t\t\t<\/div>\n\t\t\t\t<\/div>\n\t\t\t\t<div class=\"elementor-element elementor-element-23261693 elementor-widget elementor-widget-heading\" data-id=\"23261693\" data-element_type=\"widget\" data-settings=\"{&quot;ekit_we_effect_on&quot;:&quot;none&quot;}\" data-widget_type=\"heading.default\">\n\t\t\t\t<div class=\"elementor-widget-container\">\n\t\t\t\t\t<h2 class=\"elementor-heading-title elementor-size-default\">Hist\u00f3ria e Origem:\n<\/h2>\t\t\t\t<\/div>\n\t\t\t\t<\/div>\n\t\t\t\t<div class=\"elementor-element elementor-element-a14f331 elementor-widget elementor-widget-text-editor\" data-id=\"a14f331\" data-element_type=\"widget\" data-settings=\"{&quot;ekit_we_effect_on&quot;:&quot;none&quot;}\" data-widget_type=\"text-editor.default\">\n\t\t\t\t<div class=\"elementor-widget-container\">\n\t\t\t\t\t\t\t\t\t<p>Warriors tra\u00e7am suas origens para o oeste de Eldran, de terras dominadas pelo territ\u00f3rio grego do deus Zeus. Esses guerreiros s\u00e3o conhecidos por suas habilidades excepcionais de combate corpo a corpo, com seu treinamento come\u00e7ando em tenra idade. Desde ent\u00e3o, eles s\u00e3o preparados para se tornarem mestres da guerra, demonstrando devo\u00e7\u00e3o inabal\u00e1vel aos duelos e \u00e0 arte da batalha. Considerados por muitos como os mestres supremos do combate, os guerreiros s\u00e3o especialistas em esgrima, uma habilidade inigual\u00e1vel em Eldran. Al\u00e9m disso, eles s\u00e3o habilidosos no uso da lan\u00e7a, uma arma comumente usada em sua cultura para duelos.<\/p>\t\t\t\t\t\t\t\t<\/div>\n\t\t\t\t<\/div>\n\t\t\t\t\t<\/div>\n\t\t\t\t<\/div>\n\t\t<div class=\"elementor-element elementor-element-34020843 e-flex e-con-boxed e-con e-parent\" data-id=\"34020843\" data-element_type=\"container\">\n\t\t\t\t\t<div class=\"e-con-inner\">\n\t\t\t\t<div class=\"elementor-element elementor-element-63d6075 elementor-widget elementor-widget-heading\" data-id=\"63d6075\" data-element_type=\"widget\" data-settings=\"{&quot;ekit_we_effect_on&quot;:&quot;none&quot;}\" data-widget_type=\"heading.default\">\n\t\t\t\t<div class=\"elementor-widget-container\">\n\t\t\t\t\t<h2 class=\"elementor-heading-title elementor-size-default\">Linhagem de Habilidades:\n<\/h2>\t\t\t\t<\/div>\n\t\t\t\t<\/div>\n\t\t\t\t<div class=\"elementor-element elementor-element-4298baed elementor-widget elementor-widget-text-editor\" data-id=\"4298baed\" data-element_type=\"widget\" data-settings=\"{&quot;ekit_we_effect_on&quot;:&quot;none&quot;}\" data-widget_type=\"text-editor.default\">\n\t\t\t\t<div class=\"elementor-widget-container\">\n\t\t\t\t\t\t\t\t\t<p>Como Guerreiro, voc\u00ea tem uma variedade de linhagens de habilidades para explorar, cada uma moldando exclusivamente seu estilo de combate:<\/p><p><strong>Paladino \u2013 Espada e Escudo:<\/strong><br \/>Paladinos s\u00e3o guerreiros resilientes e habilidosos, especializados no uso da espada e do escudo. Embora sejam capazes de suportar os golpes mais pesados \u200b\u200bem combate, sua verdadeira for\u00e7a est\u00e1 na determina\u00e7\u00e3o de liderar o ataque. Empunhando sua espada com per\u00edcia, eles avan\u00e7am corajosamente contra seus oponentes, protegendo-se simultaneamente com o escudo. Eles s\u00e3o conhecidos por sua capacidade de desferir golpes poderosos, permanecendo firmes contra desafios e inspirando aqueles que lutam ao lado deles com sua coragem e tenacidade.<\/p><p><strong>Lanceiro \u2013 Lan\u00e7a:<\/strong><br \/>Lancers are masters of precision and magic, using their spear not just as a weapon but also as a focus for casting spells. With abilities that combine precise magical attacks with melee strikes, Lancers are versatile fighters capable of maneuvering on the battlefield, providing magical support, and dealing devastating damage to their enemies.<\/p><p><strong>Templ\u00e1rio \u2013 Espada longa:<\/strong><br \/>Templ\u00e1rios s\u00e3o guerreiros que personificam for\u00e7a bruta e determina\u00e7\u00e3o inabal\u00e1vel. Armados com espadas longas e pesadas, seus ataques s\u00e3o lentos, mas compensam isso com um tremendo poder destrutivo. Concentrando-se na for\u00e7a f\u00edsica, os Templ\u00e1rios s\u00e3o capazes de infligir danos significativos aos seus oponentes, esmagando-os com golpes poderosos e decisivos.<\/p>\t\t\t\t\t\t\t\t<\/div>\n\t\t\t\t<\/div>\n\t\t\t\t\t<\/div>\n\t\t\t\t<\/div>\n\t\t\t\t<\/div>","protected":false},"excerpt":{"rendered":"<p>Class: Warrior General Description: Warriors are the pillars of battle in Eldran. With their unmatched strength and superior combat abilities, they lead the frontline against any challenge that presents itself. Armed to the teeth with swords, spears, and shields, warriors are masters in the art of defense and attack. Their courage and determination are unparalleled, [&hellip;]<\/p>","protected":false},"author":3,"featured_media":0,"parent":0,"menu_order":0,"comment_status":"closed","ping_status":"closed","template":"elementor_header_footer","meta":{"_acf_changed":false,"inline_featured_image":false,"footnotes":""},"class_list":["post-2578","page","type-page","status-publish","hentry"],"acf":[],"_links":{"self":[{"href":"https:\/\/mythonline.com\/pt\/wp-json\/wp\/v2\/pages\/2578","targetHints":{"allow":["GET"]}}],"collection":[{"href":"https:\/\/mythonline.com\/pt\/wp-json\/wp\/v2\/pages"}],"about":[{"href":"https:\/\/mythonline.com\/pt\/wp-json\/wp\/v2\/types\/page"}],"author":[{"embeddable":true,"href":"https:\/\/mythonline.com\/pt\/wp-json\/wp\/v2\/users\/3"}],"replies":[{"embeddable":true,"href":"https:\/\/mythonline.com\/pt\/wp-json\/wp\/v2\/comments?post=2578"}],"version-history":[{"count":7,"href":"https:\/\/mythonline.com\/pt\/wp-json\/wp\/v2\/pages\/2578\/revisions"}],"predecessor-version":[{"id":5264,"href":"https:\/\/mythonline.com\/pt\/wp-json\/wp\/v2\/pages\/2578\/revisions\/5264"}],"wp:attachment":[{"href":"https:\/\/mythonline.com\/pt\/wp-json\/wp\/v2\/media?parent=2578"}],"curies":[{"name":"wp","href":"https:\/\/api.w.org\/{rel}","templated":true}]}}