{"id":2584,"date":"2024-03-10T01:27:31","date_gmt":"2024-03-10T01:27:31","guid":{"rendered":"https:\/\/mythonline.com\/?page_id=2584"},"modified":"2025-04-09T16:27:37","modified_gmt":"2025-04-09T16:27:37","slug":"guardian","status":"publish","type":"page","link":"https:\/\/mythonline.com\/pt\/guardian\/","title":{"rendered":"Guardian"},"content":{"rendered":"<div data-elementor-type=\"wp-page\" data-elementor-id=\"2584\" class=\"elementor elementor-2584\" data-elementor-post-type=\"page\">\n\t\t\t\t<div class=\"elementor-element elementor-element-6c298b7d e-flex e-con-boxed e-con e-parent\" data-id=\"6c298b7d\" data-element_type=\"container\">\n\t\t\t\t\t<div class=\"e-con-inner\">\n\t\t<div class=\"elementor-element elementor-element-60dc262 animated-slow e-flex e-con-boxed elementor-invisible e-con e-child\" data-id=\"60dc262\" data-element_type=\"container\" data-settings=\"{&quot;animation&quot;:&quot;fadeIn&quot;}\">\n\t\t\t\t\t<div class=\"e-con-inner\">\n\t\t\t\t<div class=\"elementor-element elementor-element-3649ad9c animated-slow elementor-invisible elementor-widget elementor-widget-image\" data-id=\"3649ad9c\" data-element_type=\"widget\" data-settings=\"{&quot;_animation&quot;:&quot;fadeIn&quot;,&quot;ekit_we_effect_on&quot;:&quot;none&quot;}\" data-widget_type=\"image.default\">\n\t\t\t\t<div class=\"elementor-widget-container\">\n\t\t\t\t\t\t\t\t\t\t\t\t\t\t\t<img fetchpriority=\"high\" decoding=\"async\" width=\"800\" height=\"540\" src=\"https:\/\/mythonline.com\/wp-content\/uploads\/2024\/07\/guardian-page-1-1024x691.webp\" class=\"attachment-large size-large wp-image-4130\" alt=\"\" srcset=\"https:\/\/mythonline.com\/wp-content\/uploads\/2024\/07\/guardian-page-1-1024x691.webp 1024w, https:\/\/mythonline.com\/wp-content\/uploads\/2024\/07\/guardian-page-1-300x203.webp 300w, https:\/\/mythonline.com\/wp-content\/uploads\/2024\/07\/guardian-page-1-768x518.webp 768w, https:\/\/mythonline.com\/wp-content\/uploads\/2024\/07\/guardian-page-1-1536x1037.webp 1536w, https:\/\/mythonline.com\/wp-content\/uploads\/2024\/07\/guardian-page-1-2048x1382.webp 2048w, https:\/\/mythonline.com\/wp-content\/uploads\/2024\/07\/guardian-page-1-18x12.webp 18w\" sizes=\"(max-width: 800px) 100vw, 800px\" \/>\t\t\t\t\t\t\t\t\t\t\t\t\t\t\t<\/div>\n\t\t\t\t<\/div>\n\t\t\t\t\t<\/div>\n\t\t\t\t<\/div>\n\t\t\t\t\t<\/div>\n\t\t\t\t<\/div>\n\t\t<div class=\"elementor-element elementor-element-7333a1c5 animated-slow e-flex e-con-boxed elementor-invisible e-con e-parent\" data-id=\"7333a1c5\" data-element_type=\"container\" data-settings=\"{&quot;animation&quot;:&quot;fadeIn&quot;}\">\n\t\t\t\t\t<div class=\"e-con-inner\">\n\t\t\t\t<div class=\"elementor-element elementor-element-666a01d6 elementor-widget elementor-widget-heading\" data-id=\"666a01d6\" data-element_type=\"widget\" data-settings=\"{&quot;ekit_we_effect_on&quot;:&quot;none&quot;}\" data-widget_type=\"heading.default\">\n\t\t\t\t<div class=\"elementor-widget-container\">\n\t\t\t\t\t<h2 class=\"elementor-heading-title elementor-size-default\">Classe: Guardian<\/h2>\t\t\t\t<\/div>\n\t\t\t\t<\/div>\n\t\t\t\t<div class=\"elementor-element elementor-element-4bd2a3ff elementor-widget elementor-widget-heading\" data-id=\"4bd2a3ff\" data-element_type=\"widget\" data-settings=\"{&quot;ekit_we_effect_on&quot;:&quot;none&quot;}\" data-widget_type=\"heading.default\">\n\t\t\t\t<div class=\"elementor-widget-container\">\n\t\t\t\t\t<h2 class=\"elementor-heading-title elementor-size-default\">Descri\u00e7\u00e3o geral:<\/h2>\t\t\t\t<\/div>\n\t\t\t\t<\/div>\n\t\t\t\t<div class=\"elementor-element elementor-element-5619e224 elementor-widget elementor-widget-text-editor\" data-id=\"5619e224\" data-element_type=\"widget\" data-settings=\"{&quot;ekit_we_effect_on&quot;:&quot;none&quot;}\" data-widget_type=\"text-editor.default\">\n\t\t\t\t<div class=\"elementor-widget-container\">\n\t\t\t\t\t\t\t\t\t<p>O Guardian, um guerreiro imponente, se destaca por sua for\u00e7a e resist\u00eancia excepcionais. Inicialmente, os jogadores escolhem entre machados para um foco f\u00edsico robusto, armas de arremesso para ataques precisos ou a foice para liberar habilidades m\u00e1gicas. Essa escolha define seu caminho como especialistas em dano f\u00edsico ou m\u00e1gico. Como um tanque vers\u00e1til, o Guardian protege aliados absorvendo dano, enquanto sua profici\u00eancia com a foice permite uma variedade de ataques m\u00e1gicos estrat\u00e9gicos, dando a ele uma presen\u00e7a dominante e adapt\u00e1vel no campo de batalha.<\/p>\t\t\t\t\t\t\t\t<\/div>\n\t\t\t\t<\/div>\n\t\t\t\t<div class=\"elementor-element elementor-element-371bbd5e elementor-widget elementor-widget-heading\" data-id=\"371bbd5e\" data-element_type=\"widget\" data-settings=\"{&quot;ekit_we_effect_on&quot;:&quot;none&quot;}\" data-widget_type=\"heading.default\">\n\t\t\t\t<div class=\"elementor-widget-container\">\n\t\t\t\t\t<h2 class=\"elementor-heading-title elementor-size-default\">Hist\u00f3ria e Origem:\n<\/h2>\t\t\t\t<\/div>\n\t\t\t\t<\/div>\n\t\t\t\t<div class=\"elementor-element elementor-element-1e9806e5 elementor-widget elementor-widget-text-editor\" data-id=\"1e9806e5\" data-element_type=\"widget\" data-settings=\"{&quot;ekit_we_effect_on&quot;:&quot;none&quot;}\" data-widget_type=\"text-editor.default\">\n\t\t\t\t<div class=\"elementor-widget-container\">\n\t\t\t\t\t\t\t\t\t<p>Os Guardi\u00f5es s\u00e3o um povo origin\u00e1rio do Norte de Eldran, um territ\u00f3rio gelado sob o dom\u00ednio do reino n\u00f3rdico de Odin. Conhecidos por sua brutalidade e resist\u00eancia, eles incorporam as virtudes guerreiras da mitologia n\u00f3rdica. Descendentes do reino n\u00f3rdico de Odin, os Guardi\u00f5es mant\u00eam tradi\u00e7\u00f5es antigas vivas e mant\u00eam uma forte conex\u00e3o com sua cultura original. Eles s\u00e3o temidos por suas habilidades de combate e reverenciados por sua lealdade inabal\u00e1vel aos seus ideais. Al\u00e9m disso, eles t\u00eam uma conex\u00e3o m\u00edstica com criaturas selvagens, habilmente domando-as para ajudar em suas batalhas. Essa habilidade d\u00e1 aos Guardi\u00f5es uma vantagem \u00fanica no campo de batalha. Essas caracter\u00edsticas definem o car\u00e1ter intr\u00e9pido e impetuoso dos Guardi\u00f5es, tornando-os uma for\u00e7a formid\u00e1vel em Eldran.<\/p><p><span style=\"font-weight: 400;\">Magos s\u00e3o herdeiros desse legado de conhecimento e poder. Sua reputa\u00e7\u00e3o de intelig\u00eancia e habilidades m\u00e1gicas \u00e9 amplamente reconhecida e respeitada em todos os reinos de Eldran at\u00e9 hoje.<\/span><\/p>\t\t\t\t\t\t\t\t<\/div>\n\t\t\t\t<\/div>\n\t\t\t\t\t<\/div>\n\t\t\t\t<\/div>\n\t\t<div class=\"elementor-element elementor-element-69c76009 e-flex e-con-boxed e-con e-parent\" data-id=\"69c76009\" data-element_type=\"container\">\n\t\t\t\t\t<div class=\"e-con-inner\">\n\t\t\t\t<div class=\"elementor-element elementor-element-35fa8fa1 elementor-widget elementor-widget-heading\" data-id=\"35fa8fa1\" data-element_type=\"widget\" data-settings=\"{&quot;ekit_we_effect_on&quot;:&quot;none&quot;}\" data-widget_type=\"heading.default\">\n\t\t\t\t<div class=\"elementor-widget-container\">\n\t\t\t\t\t<h2 class=\"elementor-heading-title elementor-size-default\">Linhagem de Habilidades:\n<\/h2>\t\t\t\t<\/div>\n\t\t\t\t<\/div>\n\t\t\t\t<div class=\"elementor-element elementor-element-32573c7d elementor-widget elementor-widget-text-editor\" data-id=\"32573c7d\" data-element_type=\"widget\" data-settings=\"{&quot;ekit_we_effect_on&quot;:&quot;none&quot;}\" data-widget_type=\"text-editor.default\">\n\t\t\t\t<div class=\"elementor-widget-container\">\n\t\t\t\t\t\t\t\t\t<p><strong>Berserker \u2013 Machados Duplos:<\/strong><\/p><p>Como um Berserker, voc\u00ea se especializa em usar machados duplos, focando em infligir dano bruto em seus inimigos. Seja desferindo golpes furiosos em combate corpo a corpo ou lan\u00e7ando-se em seus oponentes com ferocidade implac\u00e1vel, voc\u00ea se torna uma for\u00e7a a ser temida no campo de batalha.<\/p><p><strong>Sentinel \u2013 Arma de Arremesso e Escudo:<\/strong><\/p><p>A linhagem Sentinel se destaca pelo uso de uma arma de arremesso e escudo, priorizando a defesa, mas ainda mantendo uma capacidade ofensiva consider\u00e1vel. Seus ataques podem ser realizados \u00e0 dist\u00e2ncia, permitindo que voc\u00ea mantenha uma posi\u00e7\u00e3o defensiva estrat\u00e9gica enquanto lan\u00e7a ataques precisos contra seus inimigos. Al\u00e9m disso, suas habilidades incluem invocar animais para ajud\u00e1-lo em combate, tornando-o uma for\u00e7a formid\u00e1vel tanto na linha de frente quanto no suporte t\u00e1tico no campo de batalha.<\/p><p><strong>Reaper \u2013 Foice:<\/strong><\/p><p>Escolhendo se tornar um Reaper, suas habilidades ser\u00e3o focadas principalmente em magia negra. Voc\u00ea se tornar\u00e1 um mestre das artes negras, liberando poderosas magias negras que consomem seus inimigos e os deixam com medo na presen\u00e7a de sua aura sinistra.<\/p>\t\t\t\t\t\t\t\t<\/div>\n\t\t\t\t<\/div>\n\t\t\t\t\t<\/div>\n\t\t\t\t<\/div>\n\t\t\t\t<\/div>","protected":false},"excerpt":{"rendered":"<p>Class: Guardian General Description: The Guardian, an imposing warrior, stands out for his exceptional strength and endurance. Initially, players choose between axes for a robust physical focus, throwing weapons for precise attacks, or the scythe to unleash magical abilities. This choice defines their path as specialists in physical or magical damage. As a versatile tank, [&hellip;]<\/p>","protected":false},"author":3,"featured_media":0,"parent":0,"menu_order":0,"comment_status":"closed","ping_status":"closed","template":"elementor_header_footer","meta":{"_acf_changed":false,"inline_featured_image":false,"footnotes":""},"class_list":["post-2584","page","type-page","status-publish","hentry"],"acf":[],"_links":{"self":[{"href":"https:\/\/mythonline.com\/pt\/wp-json\/wp\/v2\/pages\/2584","targetHints":{"allow":["GET"]}}],"collection":[{"href":"https:\/\/mythonline.com\/pt\/wp-json\/wp\/v2\/pages"}],"about":[{"href":"https:\/\/mythonline.com\/pt\/wp-json\/wp\/v2\/types\/page"}],"author":[{"embeddable":true,"href":"https:\/\/mythonline.com\/pt\/wp-json\/wp\/v2\/users\/3"}],"replies":[{"embeddable":true,"href":"https:\/\/mythonline.com\/pt\/wp-json\/wp\/v2\/comments?post=2584"}],"version-history":[{"count":7,"href":"https:\/\/mythonline.com\/pt\/wp-json\/wp\/v2\/pages\/2584\/revisions"}],"predecessor-version":[{"id":5228,"href":"https:\/\/mythonline.com\/pt\/wp-json\/wp\/v2\/pages\/2584\/revisions\/5228"}],"wp:attachment":[{"href":"https:\/\/mythonline.com\/pt\/wp-json\/wp\/v2\/media?parent=2584"}],"curies":[{"name":"wp","href":"https:\/\/api.w.org\/{rel}","templated":true}]}}