{"id":2687,"date":"2024-03-11T18:16:54","date_gmt":"2024-03-11T18:16:54","guid":{"rendered":"https:\/\/mythonline.com\/?page_id=2687"},"modified":"2025-04-09T16:31:19","modified_gmt":"2025-04-09T16:31:19","slug":"zeus","status":"publish","type":"page","link":"https:\/\/mythonline.com\/pt\/zeus\/","title":{"rendered":"Zeus"},"content":{"rendered":"<div data-elementor-type=\"wp-page\" data-elementor-id=\"2687\" class=\"elementor elementor-2687\" data-elementor-post-type=\"page\">\n\t\t\t\t<div class=\"elementor-element elementor-element-35bddf97 e-flex e-con-boxed e-con e-parent\" data-id=\"35bddf97\" data-element_type=\"container\">\n\t\t\t\t\t<div class=\"e-con-inner\">\n\t\t<div class=\"elementor-element elementor-element-1383b0ba animated-slow e-flex e-con-boxed elementor-invisible e-con e-child\" data-id=\"1383b0ba\" data-element_type=\"container\" data-settings=\"{&quot;animation&quot;:&quot;fadeIn&quot;}\">\n\t\t\t\t\t<div class=\"e-con-inner\">\n\t\t\t\t<div class=\"elementor-element elementor-element-7885c51 animated-slow elementor-invisible elementor-widget elementor-widget-image\" data-id=\"7885c51\" data-element_type=\"widget\" data-settings=\"{&quot;_animation&quot;:&quot;fadeIn&quot;,&quot;ekit_we_effect_on&quot;:&quot;none&quot;}\" data-widget_type=\"image.default\">\n\t\t\t\t<div class=\"elementor-widget-container\">\n\t\t\t\t\t\t\t\t\t\t\t\t\t\t\t<img fetchpriority=\"high\" decoding=\"async\" width=\"800\" height=\"457\" src=\"https:\/\/mythonline.com\/wp-content\/uploads\/2024\/12\/ZeusBanner2-1024x585.png\" class=\"attachment-large size-large wp-image-4282\" alt=\"\" srcset=\"https:\/\/mythonline.com\/wp-content\/uploads\/2024\/12\/ZeusBanner2-1024x585.png 1024w, https:\/\/mythonline.com\/wp-content\/uploads\/2024\/12\/ZeusBanner2-300x171.png 300w, https:\/\/mythonline.com\/wp-content\/uploads\/2024\/12\/ZeusBanner2-768x439.png 768w, https:\/\/mythonline.com\/wp-content\/uploads\/2024\/12\/ZeusBanner2-1536x878.png 1536w, https:\/\/mythonline.com\/wp-content\/uploads\/2024\/12\/ZeusBanner2-2048x1170.png 2048w, https:\/\/mythonline.com\/wp-content\/uploads\/2024\/12\/ZeusBanner2-18x10.png 18w\" sizes=\"(max-width: 800px) 100vw, 800px\" \/>\t\t\t\t\t\t\t\t\t\t\t\t\t\t\t<\/div>\n\t\t\t\t<\/div>\n\t\t\t\t\t<\/div>\n\t\t\t\t<\/div>\n\t\t\t\t\t<\/div>\n\t\t\t\t<\/div>\n\t\t<div class=\"elementor-element elementor-element-18dc38a1 animated-slow e-flex e-con-boxed elementor-invisible e-con e-parent\" data-id=\"18dc38a1\" data-element_type=\"container\" data-settings=\"{&quot;animation&quot;:&quot;fadeIn&quot;}\">\n\t\t\t\t\t<div class=\"e-con-inner\">\n\t\t\t\t<div class=\"elementor-element elementor-element-2247e9ef elementor-widget elementor-widget-heading\" data-id=\"2247e9ef\" data-element_type=\"widget\" data-settings=\"{&quot;ekit_we_effect_on&quot;:&quot;none&quot;}\" data-widget_type=\"heading.default\">\n\t\t\t\t<div class=\"elementor-widget-container\">\n\t\t\t\t\t<h2 class=\"elementor-heading-title elementor-size-default\">ZEUS<\/h2>\t\t\t\t<\/div>\n\t\t\t\t<\/div>\n\t\t\t\t<div class=\"elementor-element elementor-element-3f2c5ec1 elementor-widget elementor-widget-text-editor\" data-id=\"3f2c5ec1\" data-element_type=\"widget\" data-settings=\"{&quot;ekit_we_effect_on&quot;:&quot;none&quot;}\" data-widget_type=\"text-editor.default\">\n\t\t\t\t<div class=\"elementor-widget-container\">\n\t\t\t\t\t\t\t\t\t<p class=\"p1\">Na tape\u00e7aria ilimitada do cosmos, onde as divindades primordiais teciam os fios da exist\u00eancia, Zeus emergiu como a quintess\u00eancia de seu artesanato incompar\u00e1vel. Nascido do poder coletivo da trindade transcendente, Chronun, Ethernun e Eenatun, ele era um soberano concebido para ser um protetor, o administrador do universo. Dotado da espada do rel\u00e2mpago, um emblema de seu destino, Zeus comandou o poder de atravessar o v\u00e9u do tempo e dan\u00e7ar com a velocidade da luz.<\/p>\n<p class=\"p1\">No entanto, foi o in\u00edcio do Ego que realmente despertou a ess\u00eancia de Zeus. As divindades primordiais, em sua infinita sabedoria, transmitiram aos deuses soberanos esta energia transcendente, acendendo dentro deles um espectro de sentimentos e desejos anteriormente inexplorados. Foi dentro deste cadinho de consci\u00eancia rec\u00e9m-descoberta que a verdadeira natureza de Zeus floresceu como uma tempestade violenta, suas ambi\u00e7\u00f5es t\u00e3o ilimitadas quanto o c\u00e9u que um dia ele governaria.<\/p><p class=\"p1\"><br><\/p>\n<p class=\"p1\">Zeus est\u00e1 sendo assolado por uma tempestade de sonhos e um desejo veemente de dom\u00ednio. Suas aspira\u00e7\u00f5es subiram mais alto do que os picos et\u00e9reos do Monte Olimpo, alcan\u00e7ando um poder igual ao dos pr\u00f3prios criadores primordiais. No entanto, entre os escal\u00f5es do poder divino, ele carregava a solid\u00e3o da supremacia, um desejo de transcender a sua posi\u00e7\u00e3o e ficar ombro a ombro com os arquitetos da realidade.<\/p>\n<p class=\"p1\">A partida dos deuses primordiais deixou Zeus e seus irm\u00e3os com a \u00e1rdua tarefa de povoar o vazio. Foi ele quem gerou as eminentes divindades Poseidon e Hades, seres de imensa coragem destinados a governar mares c\u00f3smicos e mundos subterr\u00e2neos sombrios. Em sua prog\u00eanie, a formid\u00e1vel ess\u00eancia de Zeus foi refletida, seus destinos entrela\u00e7ados com o destino do universo.<\/p>\n<p class=\"p1\">Impulsionado por uma fome insaci\u00e1vel pelas verdades obscuras da cria\u00e7\u00e3o, Zeus conduziu os deuses soberanos atrav\u00e9s da vastid\u00e3o celestial, com os olhos postos na resolu\u00e7\u00e3o dos enigmas mais guardados do universo. A sua odisseia atrav\u00e9s das estrelas foi t\u00e3o tumultuosa quanto esclarecedora, com cada revela\u00e7\u00e3o aproximando-os da conflu\u00eancia final de poder.<\/p><p class=\"p1\"><br><\/p>\n<p class=\"p1\">Sua busca culminou em Eldran, o Planeta Primordial, um nexo de energia insond\u00e1vel que vibrava com a respira\u00e7\u00e3o adormecida dos criadores. Foi aqui que a determina\u00e7\u00e3o de Zeus foi testada, quando o fasc\u00ednio da onipot\u00eancia desencadeou uma guerra de propor\u00e7\u00f5es divinas. Os c\u00e9us tremeram e as estrelas choraram, enquanto irm\u00e3o se voltava contra irm\u00e3o numa batalha que amea\u00e7ava a pr\u00f3pria estrutura da exist\u00eancia.<\/p>\n<p class=\"p1\">No cadinho desta conflagra\u00e7\u00e3o c\u00f3smica, a ess\u00eancia do papel de Zeus como protetor foi galvanizada. Com a espada do rel\u00e2mpago em m\u00e3os, ele abriu caminho atrav\u00e9s da disc\u00f3rdia, defendendo a causa da harmonia. Na d\u00e9cima primeira hora, a sua voz \u2013 um toque de clarim acima do barulho da guerra \u2013 inaugurou uma era de paz fr\u00e1gil. A tape\u00e7aria do cosmos, dilacerada pelas ambi\u00e7\u00f5es do divino, foi remendada pela sabedoria e poder de Zeus.<\/p>\n<p class=\"p1\">Assim est\u00e1 Zeus, um modelo de dualidade divina: o cora\u00e7\u00e3o tempestuoso e a alma guardi\u00e3, seu legado gravado nos anais das estrelas. Um deus dos sonhos e da ambi\u00e7\u00e3o, mas tamb\u00e9m da sabedoria e da prote\u00e7\u00e3o, ele continua a tecer sua hist\u00f3ria nos mitos em constante expans\u00e3o do universo do jogo.<\/p>\t\t\t\t\t\t\t\t<\/div>\n\t\t\t\t<\/div>\n\t\t\t\t\t<\/div>\n\t\t\t\t<\/div>\n\t\t\t\t<\/div>","protected":false},"excerpt":{"rendered":"<p>ZEUS In the boundless tapestry of the cosmos, where the primordial deities wove the strands of existence, Zeus emerged as the quintessence of their unparalleled craftsmanship. Born from the collective might of the transcendent trinity, Chronun, Ethernun, and Eenatun, he was a sovereign conceived to be a protector, the steward of the universe. Gifted with [&hellip;]<\/p>","protected":false},"author":3,"featured_media":0,"parent":0,"menu_order":0,"comment_status":"closed","ping_status":"closed","template":"elementor_header_footer","meta":{"_acf_changed":false,"inline_featured_image":false,"footnotes":""},"class_list":["post-2687","page","type-page","status-publish","hentry"],"acf":[],"_links":{"self":[{"href":"https:\/\/mythonline.com\/pt\/wp-json\/wp\/v2\/pages\/2687","targetHints":{"allow":["GET"]}}],"collection":[{"href":"https:\/\/mythonline.com\/pt\/wp-json\/wp\/v2\/pages"}],"about":[{"href":"https:\/\/mythonline.com\/pt\/wp-json\/wp\/v2\/types\/page"}],"author":[{"embeddable":true,"href":"https:\/\/mythonline.com\/pt\/wp-json\/wp\/v2\/users\/3"}],"replies":[{"embeddable":true,"href":"https:\/\/mythonline.com\/pt\/wp-json\/wp\/v2\/comments?post=2687"}],"version-history":[{"count":7,"href":"https:\/\/mythonline.com\/pt\/wp-json\/wp\/v2\/pages\/2687\/revisions"}],"predecessor-version":[{"id":5267,"href":"https:\/\/mythonline.com\/pt\/wp-json\/wp\/v2\/pages\/2687\/revisions\/5267"}],"wp:attachment":[{"href":"https:\/\/mythonline.com\/pt\/wp-json\/wp\/v2\/media?parent=2687"}],"curies":[{"name":"wp","href":"https:\/\/api.w.org\/{rel}","templated":true}]}}