{"id":2699,"date":"2024-03-11T18:24:51","date_gmt":"2024-03-11T18:24:51","guid":{"rendered":"https:\/\/mythonline.com\/?page_id=2699"},"modified":"2025-04-09T16:31:05","modified_gmt":"2025-04-09T16:31:05","slug":"sucellus","status":"publish","type":"page","link":"https:\/\/mythonline.com\/pt\/sucellus\/","title":{"rendered":"Sucellus"},"content":{"rendered":"<div data-elementor-type=\"wp-page\" data-elementor-id=\"2699\" class=\"elementor elementor-2699\" data-elementor-post-type=\"page\">\n\t\t\t\t<div class=\"elementor-element elementor-element-6104acf2 e-flex e-con-boxed e-con e-parent\" data-id=\"6104acf2\" data-element_type=\"container\">\n\t\t\t\t\t<div class=\"e-con-inner\">\n\t\t<div class=\"elementor-element elementor-element-7ecb0520 animated-slow e-flex e-con-boxed elementor-invisible e-con e-child\" data-id=\"7ecb0520\" data-element_type=\"container\" data-settings=\"{&quot;animation&quot;:&quot;fadeIn&quot;}\">\n\t\t\t\t\t<div class=\"e-con-inner\">\n\t\t\t\t<div class=\"elementor-element elementor-element-28db65a6 animated-slow elementor-invisible elementor-widget elementor-widget-image\" data-id=\"28db65a6\" data-element_type=\"widget\" data-settings=\"{&quot;_animation&quot;:&quot;fadeIn&quot;,&quot;ekit_we_effect_on&quot;:&quot;none&quot;}\" data-widget_type=\"image.default\">\n\t\t\t\t<div class=\"elementor-widget-container\">\n\t\t\t\t\t\t\t\t\t\t\t\t\t\t\t<img fetchpriority=\"high\" decoding=\"async\" width=\"800\" height=\"457\" src=\"https:\/\/mythonline.com\/wp-content\/uploads\/2024\/12\/SucellusBanner2-1024x585.png\" class=\"attachment-large size-large wp-image-4308\" alt=\"\" srcset=\"https:\/\/mythonline.com\/wp-content\/uploads\/2024\/12\/SucellusBanner2-1024x585.png 1024w, https:\/\/mythonline.com\/wp-content\/uploads\/2024\/12\/SucellusBanner2-300x171.png 300w, https:\/\/mythonline.com\/wp-content\/uploads\/2024\/12\/SucellusBanner2-768x439.png 768w, https:\/\/mythonline.com\/wp-content\/uploads\/2024\/12\/SucellusBanner2-1536x878.png 1536w, https:\/\/mythonline.com\/wp-content\/uploads\/2024\/12\/SucellusBanner2-2048x1170.png 2048w, https:\/\/mythonline.com\/wp-content\/uploads\/2024\/12\/SucellusBanner2-18x10.png 18w\" sizes=\"(max-width: 800px) 100vw, 800px\" \/>\t\t\t\t\t\t\t\t\t\t\t\t\t\t\t<\/div>\n\t\t\t\t<\/div>\n\t\t\t\t\t<\/div>\n\t\t\t\t<\/div>\n\t\t\t\t\t<\/div>\n\t\t\t\t<\/div>\n\t\t<div class=\"elementor-element elementor-element-36bab0bd animated-slow e-flex e-con-boxed elementor-invisible e-con e-parent\" data-id=\"36bab0bd\" data-element_type=\"container\" data-settings=\"{&quot;animation&quot;:&quot;fadeIn&quot;}\">\n\t\t\t\t\t<div class=\"e-con-inner\">\n\t\t\t\t<div class=\"elementor-element elementor-element-772fc4b1 elementor-widget elementor-widget-heading\" data-id=\"772fc4b1\" data-element_type=\"widget\" data-settings=\"{&quot;ekit_we_effect_on&quot;:&quot;none&quot;}\" data-widget_type=\"heading.default\">\n\t\t\t\t<div class=\"elementor-widget-container\">\n\t\t\t\t\t<h2 class=\"elementor-heading-title elementor-size-default\">SUCELLUS<\/h2>\t\t\t\t<\/div>\n\t\t\t\t<\/div>\n\t\t\t\t<div class=\"elementor-element elementor-element-1cdebec6 elementor-widget elementor-widget-text-editor\" data-id=\"1cdebec6\" data-element_type=\"widget\" data-settings=\"{&quot;ekit_we_effect_on&quot;:&quot;none&quot;}\" data-widget_type=\"text-editor.default\">\n\t\t\t\t<div class=\"elementor-widget-container\">\n\t\t\t\t\t\t\t\t\t<p class=\"p1\">Na grandeza silenciosa de um universo respirando pela primeira vez, a divindade Sucellus foi formada pela vontade de Eenatun, uma das tr\u00eas for\u00e7as enigm\u00e1ticas do reino primordial. A quem foi confiado o Cetro da Vida, ou o grande cetro da vida, Sucellus foi imbu\u00eddo da profunda responsabilidade de moldar a mat\u00e9ria, infundindo-a com a centelha que anima tudo dentro do cosmos.<\/p>\n<p class=\"p1\">Ao contr\u00e1rio das outras divindades cuja ess\u00eancia era intocada pelo sentimento, a d\u00e1diva do Ego dos primordiais encheu Sucellus com um instinto protetor, uma afinidade com a tape\u00e7aria viva que ela estava destinada a tecer. Foi esta natureza protetora que a definiu, colocando-a num caminho de benevol\u00eancia que divergia da fria imparcialidade dos seus criadores.<\/p><p class=\"p1\"><br><\/p>\n<p class=\"p1\">Com cuidadosa ternura, ela e Dea Patrono, tamb\u00e9m um ser de imenso poder vivificante, uniram for\u00e7as. Juntos, eles se tornaram os arquitetos divinos das express\u00f5es ilimitadas da natureza, criando Taranis e Cernunnos, os deuses eminentes do pante\u00e3o celta, a partir dos lend\u00e1rios artefatos da divindade soberana.<\/p>\n<p class=\"p1\">\u00c0 medida que as divindades embarcavam na sua odisseia c\u00f3smica para cumprir o decreto primordial de povoar o universo, Sucellus f\u00ea-lo com um toque delicado, assegurando que cada centelha de vida florescesse sob o seu olhar atento. Ela apreciava o delicado equil\u00edbrio da exist\u00eancia, nutrindo as diversas formas de vida que adornavam as gal\u00e1xias.<\/p><p class=\"p1\"><br><\/p>\n<p class=\"p1\">Quando a busca pelos segredos dos primordiais levou \u00e0s extens\u00f5es exuberantes de Eldran, Sucellus permaneceu como um pilar de conten\u00e7\u00e3o em meio \u00e0 tempestade crescente dos desejos de seus parentes. \u00c0 medida que seus irm\u00e3os sucumbiram ao canto de sereia do poder primordial, foi Sucellus quem previu o perigo que seu conflito representava, n\u00e3o apenas para a delicada harmonia de Eldran, mas para todo o cosmos.<\/p>\n<p class=\"p1\">Mesmo no auge da guerra, o seu apelo pela paz foi inabal\u00e1vel, motivado pela compreens\u00e3o da interliga\u00e7\u00e3o de toda a vida. E quando os deuses soberanos depuseram as armas, foi a sabedoria dela que os guiou em dire\u00e7\u00e3o a uma tr\u00e9gua, garantindo que a verdura de Eldran n\u00e3o seria desfeita pela ambi\u00e7\u00e3o divina.<\/p>\n<p class=\"p1\">Doravante, a ess\u00eancia de Sucellus permanece entrela\u00e7ada com a vitalidade de Eldran, um guardi\u00e3o cujo pr\u00f3prio sopro \u00e9 a for\u00e7a vital que corre pelas veias do planeta. Seu legado \u00e9 o de guardi\u00e3 eterna da vida, sua divindade \u00e9 um testemunho do esp\u00edrito nutridor que guia o desenrolar da hist\u00f3ria do universo.<\/p>\t\t\t\t\t\t\t\t<\/div>\n\t\t\t\t<\/div>\n\t\t\t\t\t<\/div>\n\t\t\t\t<\/div>\n\t\t\t\t<\/div>","protected":false},"excerpt":{"rendered":"<p>SUCELLUS In the quiet grandeur of a universe taking its first breath, the deity Sucellus was fashioned by the will of Eenatun, one of the three enigmatic forces of the primordial realm. Entrusted with the Scepter of Life, or the great scepter of life, Sucellus was imbued with the profound responsibility to shape matter, infusing [&hellip;]<\/p>","protected":false},"author":3,"featured_media":0,"parent":0,"menu_order":0,"comment_status":"closed","ping_status":"closed","template":"elementor_header_footer","meta":{"_acf_changed":false,"inline_featured_image":false,"footnotes":""},"class_list":["post-2699","page","type-page","status-publish","hentry"],"acf":[],"_links":{"self":[{"href":"https:\/\/mythonline.com\/pt\/wp-json\/wp\/v2\/pages\/2699","targetHints":{"allow":["GET"]}}],"collection":[{"href":"https:\/\/mythonline.com\/pt\/wp-json\/wp\/v2\/pages"}],"about":[{"href":"https:\/\/mythonline.com\/pt\/wp-json\/wp\/v2\/types\/page"}],"author":[{"embeddable":true,"href":"https:\/\/mythonline.com\/pt\/wp-json\/wp\/v2\/users\/3"}],"replies":[{"embeddable":true,"href":"https:\/\/mythonline.com\/pt\/wp-json\/wp\/v2\/comments?post=2699"}],"version-history":[{"count":7,"href":"https:\/\/mythonline.com\/pt\/wp-json\/wp\/v2\/pages\/2699\/revisions"}],"predecessor-version":[{"id":5261,"href":"https:\/\/mythonline.com\/pt\/wp-json\/wp\/v2\/pages\/2699\/revisions\/5261"}],"wp:attachment":[{"href":"https:\/\/mythonline.com\/pt\/wp-json\/wp\/v2\/media?parent=2699"}],"curies":[{"name":"wp","href":"https:\/\/api.w.org\/{rel}","templated":true}]}}