{"id":2705,"date":"2024-03-11T18:26:07","date_gmt":"2024-03-11T18:26:07","guid":{"rendered":"https:\/\/mythonline.com\/?page_id=2705"},"modified":"2025-04-09T16:29:17","modified_gmt":"2025-04-09T16:29:17","slug":"ra","status":"publish","type":"page","link":"https:\/\/mythonline.com\/pt\/ra\/","title":{"rendered":"R\u00e1"},"content":{"rendered":"<div data-elementor-type=\"wp-page\" data-elementor-id=\"2705\" class=\"elementor elementor-2705\" data-elementor-post-type=\"page\">\n\t\t\t\t<div class=\"elementor-element elementor-element-79e879a0 e-flex e-con-boxed e-con e-parent\" data-id=\"79e879a0\" data-element_type=\"container\">\n\t\t\t\t\t<div class=\"e-con-inner\">\n\t\t<div class=\"elementor-element elementor-element-5341d15b animated-slow e-flex e-con-boxed elementor-invisible e-con e-child\" data-id=\"5341d15b\" data-element_type=\"container\" data-settings=\"{&quot;animation&quot;:&quot;fadeIn&quot;}\">\n\t\t\t\t\t<div class=\"e-con-inner\">\n\t\t\t\t<div class=\"elementor-element elementor-element-5fcefbb5 animated-slow elementor-invisible elementor-widget elementor-widget-image\" data-id=\"5fcefbb5\" data-element_type=\"widget\" data-settings=\"{&quot;_animation&quot;:&quot;fadeIn&quot;,&quot;ekit_we_effect_on&quot;:&quot;none&quot;}\" data-widget_type=\"image.default\">\n\t\t\t\t<div class=\"elementor-widget-container\">\n\t\t\t\t\t\t\t\t\t\t\t\t\t\t\t<img fetchpriority=\"high\" decoding=\"async\" width=\"800\" height=\"457\" src=\"https:\/\/mythonline.com\/wp-content\/uploads\/2024\/12\/RaBanner2-1024x585.png\" class=\"attachment-large size-large wp-image-4307\" alt=\"\" srcset=\"https:\/\/mythonline.com\/wp-content\/uploads\/2024\/12\/RaBanner2-1024x585.png 1024w, https:\/\/mythonline.com\/wp-content\/uploads\/2024\/12\/RaBanner2-300x171.png 300w, https:\/\/mythonline.com\/wp-content\/uploads\/2024\/12\/RaBanner2-768x439.png 768w, https:\/\/mythonline.com\/wp-content\/uploads\/2024\/12\/RaBanner2-1536x878.png 1536w, https:\/\/mythonline.com\/wp-content\/uploads\/2024\/12\/RaBanner2-2048x1170.png 2048w, https:\/\/mythonline.com\/wp-content\/uploads\/2024\/12\/RaBanner2-18x10.png 18w\" sizes=\"(max-width: 800px) 100vw, 800px\" \/>\t\t\t\t\t\t\t\t\t\t\t\t\t\t\t<\/div>\n\t\t\t\t<\/div>\n\t\t\t\t\t<\/div>\n\t\t\t\t<\/div>\n\t\t\t\t\t<\/div>\n\t\t\t\t<\/div>\n\t\t<div class=\"elementor-element elementor-element-4a70c4db animated-slow e-flex e-con-boxed elementor-invisible e-con e-parent\" data-id=\"4a70c4db\" data-element_type=\"container\" data-settings=\"{&quot;animation&quot;:&quot;fadeIn&quot;}\">\n\t\t\t\t\t<div class=\"e-con-inner\">\n\t\t\t\t<div class=\"elementor-element elementor-element-274ce783 elementor-widget elementor-widget-heading\" data-id=\"274ce783\" data-element_type=\"widget\" data-settings=\"{&quot;ekit_we_effect_on&quot;:&quot;none&quot;}\" data-widget_type=\"heading.default\">\n\t\t\t\t<div class=\"elementor-widget-container\">\n\t\t\t\t\t<h2 class=\"elementor-heading-title elementor-size-default\">RA<\/h2>\t\t\t\t<\/div>\n\t\t\t\t<\/div>\n\t\t\t\t<div class=\"elementor-element elementor-element-40fc8b96 elementor-widget elementor-widget-text-editor\" data-id=\"40fc8b96\" data-element_type=\"widget\" data-settings=\"{&quot;ekit_we_effect_on&quot;:&quot;none&quot;}\" data-widget_type=\"text-editor.default\">\n\t\t\t\t<div class=\"elementor-widget-container\">\n\t\t\t\t\t\t\t\t\t<p class=\"p1\">No in\u00edcio, antes que o tempo tivesse nome e o espa\u00e7o ainda fosse um abismo de nada, R\u00e1 foi concebido no sil\u00eancio da inexist\u00eancia. Seu nascimento foi o segundo ato de cria\u00e7\u00e3o dos deuses primordiais, um evento marcado pelo surgimento da luz do vazio enquanto Ethernun, cansado do vazio sem fim, soprava o infinito espacial \u00e0 exist\u00eancia. R\u00e1 seria um testemunho desse espa\u00e7o infinito, um farol cujo brilho atravessaria a noite eterna.<\/p>\n<p class=\"p1\">\n<\/p><p class=\"p1\">Concedido o Sol por Chronun, R\u00e1 tornou-se um soberano das esferas celestiais, uma sentinela silenciosa cujo olhar se estendia pela vasta extens\u00e3o da cria\u00e7\u00e3o. Sua presen\u00e7a era enigm\u00e1tica, suas a\u00e7\u00f5es inescrut\u00e1veis, incorporando a pr\u00f3pria ess\u00eancia dos c\u00e9us ilimitados que ele estava destinado a supervisionar.<span style=\"text-align: var(--text-align); font-size: 1rem;\">Com o advento do Ego, uma transforma\u00e7\u00e3o sutil, por\u00e9m profunda, ocorreu a R\u00e1. Enquanto o temperamento de Zeus se alastrou como as tempestades que ele comandou, a natureza de R\u00e1 permaneceu praticamente inalterada. Ele era o estrategista silencioso, a mente brilhante cujos pensamentos eram t\u00e3o insond\u00e1veis \u200b\u200bquanto o lado escuro do Sol que ele exercia. No entanto, dentro dele despertou uma curiosidade, uma necessidade de observar, compreender e aproveitar as verdades mais profundas do universo.<\/span><span style=\"font-size: 1rem; text-align: var(--text-align);\">&nbsp;<\/span><\/p>\n<p class=\"p1\">Entre as divindades soberanas, os filhos de R\u00e1 nasceram de sua uni\u00e3o com Hathor, ela pr\u00f3pria uma cria\u00e7\u00e3o de sua pr\u00f3pria ess\u00eancia solar. Juntos, eles deram origem a divindades de poder eminente \u2013 Os\u00edris, An\u00fabis e H\u00f3rus \u2013 cada uma delas um pilar no pante\u00e3o dos deuses eg\u00edpcios. Essas proles herdaram aspectos da profunda sabedoria e dom\u00ednio de R\u00e1 sobre a vida, a morte e o vigor do pr\u00f3prio Sol.&nbsp;<span style=\"text-align: var(--text-align); font-size: 1rem;\">Quando os deuses soberanos assumiram o dever de povoar o cosmos, foram os descendentes de R\u00e1 que dominaram o equil\u00edbrio entre a vida e a vida ap\u00f3s a morte. Eles presidiam a balan\u00e7a da justi\u00e7a, o ciclo do dia e da noite, o dom\u00ednio do c\u00e9u. O legado de R\u00e1 foi de ordem, sabedoria e ilumina\u00e7\u00e3o que o Sol traz \u00e0s sombras.<\/span><span style=\"font-size: 1rem; text-align: var(--text-align);\">&nbsp;<\/span><\/p>\n<p class=\"p1\">A grande odiss\u00e9ia para desvendar os segredos dos primordiais viu R\u00e1 em um papel contemplativo, seu intelecto como uma luz guia no caminho para Eldran. E quando o conflito amea\u00e7ou desvendar a pr\u00f3pria estrutura da realidade, a sabedoria de R\u00e1 foi uma for\u00e7a estabilizadora. Sua busca n\u00e3o era apenas pelo poder, mas pela compreens\u00e3o, pelo conhecimento que brilhava tanto quanto a estrela que ele controlava.<\/p>\n<p class=\"p1\">\n<\/p><p class=\"p1\">Em Eldran, R\u00e1 era um estudioso entre os guerreiros, sua busca por compreens\u00e3o permaneceu inalterada mesmo durante a guerra. Foi a sua vis\u00e3o, combinada com o poder dos seus semelhantes, que finalmente conduziu o pante\u00e3o para uma paz t\u00eanue, garantindo que o poder que sustentava o universo n\u00e3o seria a sua ru\u00edna.&nbsp;<span style=\"text-align: var(--text-align); font-size: 1rem;\">Assim, R\u00e1 perdura, um deus n\u00e3o de palavras, mas de luz e vida, uma for\u00e7a enigm\u00e1tica, mas vital no cosmos. Sua hist\u00f3ria \u00e9 de observa\u00e7\u00e3o perp\u00e9tua e de busca incessante pelo conhecimento que est\u00e1 oculto na vastid\u00e3o do espa\u00e7o e do tempo.<\/span><\/p>\t\t\t\t\t\t\t\t<\/div>\n\t\t\t\t<\/div>\n\t\t\t\t\t<\/div>\n\t\t\t\t<\/div>\n\t\t\t\t<\/div>","protected":false},"excerpt":{"rendered":"<p>RA In the beginning, before time had a name, and space was still an abyss of nothingness, Ra was conceived in the silence of non-existence. His birth was the primordial gods&#8217; second act of creation, an event marked by the emergence of light from the void as Ethernun, weary of the endless emptiness, breathed spatial [&hellip;]<\/p>","protected":false},"author":3,"featured_media":0,"parent":0,"menu_order":0,"comment_status":"closed","ping_status":"closed","template":"elementor_header_footer","meta":{"_acf_changed":false,"inline_featured_image":false,"footnotes":""},"class_list":["post-2705","page","type-page","status-publish","hentry"],"acf":[],"_links":{"self":[{"href":"https:\/\/mythonline.com\/pt\/wp-json\/wp\/v2\/pages\/2705","targetHints":{"allow":["GET"]}}],"collection":[{"href":"https:\/\/mythonline.com\/pt\/wp-json\/wp\/v2\/pages"}],"about":[{"href":"https:\/\/mythonline.com\/pt\/wp-json\/wp\/v2\/types\/page"}],"author":[{"embeddable":true,"href":"https:\/\/mythonline.com\/pt\/wp-json\/wp\/v2\/users\/3"}],"replies":[{"embeddable":true,"href":"https:\/\/mythonline.com\/pt\/wp-json\/wp\/v2\/comments?post=2705"}],"version-history":[{"count":7,"href":"https:\/\/mythonline.com\/pt\/wp-json\/wp\/v2\/pages\/2705\/revisions"}],"predecessor-version":[{"id":5249,"href":"https:\/\/mythonline.com\/pt\/wp-json\/wp\/v2\/pages\/2705\/revisions\/5249"}],"wp:attachment":[{"href":"https:\/\/mythonline.com\/pt\/wp-json\/wp\/v2\/media?parent=2705"}],"curies":[{"name":"wp","href":"https:\/\/api.w.org\/{rel}","templated":true}]}}