{"id":2717,"date":"2024-03-11T18:27:43","date_gmt":"2024-03-11T18:27:43","guid":{"rendered":"https:\/\/mythonline.com\/?page_id=2717"},"modified":"2025-04-09T16:28:43","modified_gmt":"2025-04-09T16:28:43","slug":"odin","status":"publish","type":"page","link":"https:\/\/mythonline.com\/pt\/odin\/","title":{"rendered":"Odin"},"content":{"rendered":"<div data-elementor-type=\"wp-page\" data-elementor-id=\"2717\" class=\"elementor elementor-2717\" data-elementor-post-type=\"page\">\n\t\t\t\t<div class=\"elementor-element elementor-element-5d18d497 e-flex e-con-boxed e-con e-parent\" data-id=\"5d18d497\" data-element_type=\"container\">\n\t\t\t\t\t<div class=\"e-con-inner\">\n\t\t<div class=\"elementor-element elementor-element-6bcefdb animated-slow e-flex e-con-boxed elementor-invisible e-con e-child\" data-id=\"6bcefdb\" data-element_type=\"container\" data-settings=\"{&quot;animation&quot;:&quot;fadeIn&quot;}\">\n\t\t\t\t\t<div class=\"e-con-inner\">\n\t\t\t\t<div class=\"elementor-element elementor-element-7403b9f9 animated-slow elementor-invisible elementor-widget elementor-widget-image\" data-id=\"7403b9f9\" data-element_type=\"widget\" data-settings=\"{&quot;_animation&quot;:&quot;fadeIn&quot;,&quot;ekit_we_effect_on&quot;:&quot;none&quot;}\" data-widget_type=\"image.default\">\n\t\t\t\t<div class=\"elementor-widget-container\">\n\t\t\t\t\t\t\t\t\t\t\t\t\t\t\t<img fetchpriority=\"high\" decoding=\"async\" width=\"800\" height=\"457\" src=\"https:\/\/mythonline.com\/wp-content\/uploads\/2024\/12\/OdinBanner2-1024x585.png\" class=\"attachment-large size-large wp-image-4306\" alt=\"\" srcset=\"https:\/\/mythonline.com\/wp-content\/uploads\/2024\/12\/OdinBanner2-1024x585.png 1024w, https:\/\/mythonline.com\/wp-content\/uploads\/2024\/12\/OdinBanner2-300x171.png 300w, https:\/\/mythonline.com\/wp-content\/uploads\/2024\/12\/OdinBanner2-768x439.png 768w, https:\/\/mythonline.com\/wp-content\/uploads\/2024\/12\/OdinBanner2-1536x878.png 1536w, https:\/\/mythonline.com\/wp-content\/uploads\/2024\/12\/OdinBanner2-2048x1170.png 2048w, https:\/\/mythonline.com\/wp-content\/uploads\/2024\/12\/OdinBanner2-18x10.png 18w\" sizes=\"(max-width: 800px) 100vw, 800px\" \/>\t\t\t\t\t\t\t\t\t\t\t\t\t\t\t<\/div>\n\t\t\t\t<\/div>\n\t\t\t\t\t<\/div>\n\t\t\t\t<\/div>\n\t\t\t\t\t<\/div>\n\t\t\t\t<\/div>\n\t\t<div class=\"elementor-element elementor-element-2d9fb752 animated-slow e-flex e-con-boxed elementor-invisible e-con e-parent\" data-id=\"2d9fb752\" data-element_type=\"container\" data-settings=\"{&quot;animation&quot;:&quot;fadeIn&quot;}\">\n\t\t\t\t\t<div class=\"e-con-inner\">\n\t\t\t\t<div class=\"elementor-element elementor-element-758ec2a8 elementor-widget elementor-widget-heading\" data-id=\"758ec2a8\" data-element_type=\"widget\" data-settings=\"{&quot;ekit_we_effect_on&quot;:&quot;none&quot;}\" data-widget_type=\"heading.default\">\n\t\t\t\t<div class=\"elementor-widget-container\">\n\t\t\t\t\t<h2 class=\"elementor-heading-title elementor-size-default\">ODIN<\/h2>\t\t\t\t<\/div>\n\t\t\t\t<\/div>\n\t\t\t\t<div class=\"elementor-element elementor-element-456be278 elementor-widget elementor-widget-text-editor\" data-id=\"456be278\" data-element_type=\"widget\" data-settings=\"{&quot;ekit_we_effect_on&quot;:&quot;none&quot;}\" data-widget_type=\"text-editor.default\">\n\t\t\t\t<div class=\"elementor-widget-container\">\n\t\t\t\t\t\t\t\t\t<p>No mundo de Eldran, Odin surge como uma figura central, criada por Ethernun, uma divindade primordial de profunda import\u00e2ncia existencial. Dotada de Gungnir, a lan\u00e7a que abrange dist\u00e2ncias infinitas, a cria\u00e7\u00e3o de Odin marcou um momento crucial no desenrolar da saga do universo.\u00a0<span style=\"text-align: var(--text-align); font-size: 1rem;\">Com a dota\u00e7\u00e3o do Ego pelos primordiais, Odin foi transformado. Sua natureza ousada e orgulhosa se manifestou, simbolizando uma ruptura com a ess\u00eancia distante dos Deuses Primordiais. A nova ambi\u00e7\u00e3o de Odin n\u00e3o era apenas de poder, mas tamb\u00e9m de compreens\u00e3o, pois ele, como os outros deuses, era movido pela busca pelo conhecimento oculto da exist\u00eancia que os criadores n\u00e3o revelaram.<\/span><\/p><p>\u00a0<\/p><p>Os descendentes de Odin, representados por sua uni\u00e3o com Frigga \u2013 que foi trazida \u00e0 exist\u00eancia usando fragmentos de seu pr\u00f3prio Gungnir \u2013 eram deuses de not\u00e1vel poder e sabedoria. Thor, com o poder estrondoso de destruir montanhas, e Loki, o astuto deus da magia, estavam entre eles. Esses filhos refletiam aspectos da grandeza de Odin, ecoando sua busca por sabedoria e poder.<\/p><p>\u00a0<\/p><p>Quando os Deuses Primordiais assumiram o dever de semear a vida em todo o cosmos, Odin contribuiu com a inten\u00e7\u00e3o de compreender e expandir o reino da influ\u00eancia divina. Ele desempenhou um papel na cria\u00e7\u00e3o subsequente de outras formas de vida, tudo para cumprir o grande projeto estabelecido pelos deuses primordiais.\u00a0<span style=\"text-align: var(--text-align); font-size: 1rem;\">Na tape\u00e7aria de guerra que foi tecida sobre Eldran, a busca de Odin pelos segredos dos primordiais o impulsionou para a linha de frente do conflito. No entanto, \u00e0 medida que o conflito se agravava, as suas ambi\u00e7\u00f5es foram temperadas pela realiza\u00e7\u00e3o do seu potencial para desvendar a pr\u00f3pria estrutura da exist\u00eancia.<\/span><\/p>\t\t\t\t\t\t\t\t<\/div>\n\t\t\t\t<\/div>\n\t\t\t\t\t<\/div>\n\t\t\t\t<\/div>\n\t\t\t\t<\/div>","protected":false},"excerpt":{"rendered":"<p>ODIN In the world of Eldran, Odin emerges as a pivotal figure, created by Ethernun, a primordial deity of profound existential importance. Endowed with Gungnir, the spear that spans infinite distances, Odin&#8217;s creation marked a crucial moment in the unfolding saga of the universe.\u00a0With the endowment of Ego by the primordials, Odin was transformed. His [&hellip;]<\/p>","protected":false},"author":3,"featured_media":0,"parent":0,"menu_order":0,"comment_status":"closed","ping_status":"closed","template":"elementor_header_footer","meta":{"_acf_changed":false,"inline_featured_image":false,"footnotes":""},"class_list":["post-2717","page","type-page","status-publish","hentry"],"acf":[],"_links":{"self":[{"href":"https:\/\/mythonline.com\/pt\/wp-json\/wp\/v2\/pages\/2717","targetHints":{"allow":["GET"]}}],"collection":[{"href":"https:\/\/mythonline.com\/pt\/wp-json\/wp\/v2\/pages"}],"about":[{"href":"https:\/\/mythonline.com\/pt\/wp-json\/wp\/v2\/types\/page"}],"author":[{"embeddable":true,"href":"https:\/\/mythonline.com\/pt\/wp-json\/wp\/v2\/users\/3"}],"replies":[{"embeddable":true,"href":"https:\/\/mythonline.com\/pt\/wp-json\/wp\/v2\/comments?post=2717"}],"version-history":[{"count":7,"href":"https:\/\/mythonline.com\/pt\/wp-json\/wp\/v2\/pages\/2717\/revisions"}],"predecessor-version":[{"id":5243,"href":"https:\/\/mythonline.com\/pt\/wp-json\/wp\/v2\/pages\/2717\/revisions\/5243"}],"wp:attachment":[{"href":"https:\/\/mythonline.com\/pt\/wp-json\/wp\/v2\/media?parent=2717"}],"curies":[{"name":"wp","href":"https:\/\/api.w.org\/{rel}","templated":true}]}}