{"id":3005,"date":"2024-04-04T19:08:15","date_gmt":"2024-04-04T19:08:15","guid":{"rendered":"https:\/\/mythonline.com\/?page_id=3005"},"modified":"2025-04-09T16:28:27","modified_gmt":"2025-04-09T16:28:27","slug":"lore","status":"publish","type":"page","link":"https:\/\/mythonline.com\/pt\/lore\/","title":{"rendered":"Lore"},"content":{"rendered":"<div data-elementor-type=\"wp-page\" data-elementor-id=\"3005\" class=\"elementor elementor-3005\" data-elementor-post-type=\"page\">\n\t\t\t\t<div class=\"elementor-element elementor-element-70ddc3c e-flex e-con-boxed e-con e-parent\" data-id=\"70ddc3c\" data-element_type=\"container\">\n\t\t\t\t\t<div class=\"e-con-inner\">\n\t\t\t\t<div class=\"elementor-element elementor-element-ccf92e4 animated-slow elementor-invisible elementor-widget elementor-widget-heading\" data-id=\"ccf92e4\" data-element_type=\"widget\" data-settings=\"{&quot;_animation&quot;:&quot;fadeIn&quot;,&quot;ekit_we_effect_on&quot;:&quot;none&quot;}\" data-widget_type=\"heading.default\">\n\t\t\t\t<div class=\"elementor-widget-container\">\n\t\t\t\t\t<h2 class=\"elementor-heading-title elementor-size-default\">A descoberta de Eldran<\/h2>\t\t\t\t<\/div>\n\t\t\t\t<\/div>\n\t\t<div class=\"elementor-element elementor-element-2ae9b2e e-flex e-con-boxed e-con e-child\" data-id=\"2ae9b2e\" data-element_type=\"container\">\n\t\t\t\t\t<div class=\"e-con-inner\">\n\t\t\t\t<div class=\"elementor-element elementor-element-ae65891 animated-slow elementor-invisible elementor-widget elementor-widget-text-editor\" data-id=\"ae65891\" data-element_type=\"widget\" data-settings=\"{&quot;_animation&quot;:&quot;fadeIn&quot;,&quot;ekit_we_effect_on&quot;:&quot;none&quot;}\" data-widget_type=\"text-editor.default\">\n\t\t\t\t<div class=\"elementor-widget-container\">\n\t\t\t\t\t\t\t\t\t<p>No in\u00edcio da cria\u00e7\u00e3o existiam os deuses primordiais, seres c\u00f3smicos de imenso poder. Da uni\u00e3o de seus poderes, deram origem ao universo e a toda energia nele existente.&nbsp;<\/p><p>No entanto, o universo permaneceu frio e vazio. Antes de se retirarem para um sono eterno, eles decidiram criar vida e entregaram-na aos seus filhos, os Deuses Soberanos, destinados a povoar e moldar o vasto universo.<\/p>\t\t\t\t\t\t\t\t<\/div>\n\t\t\t\t<\/div>\n\t\t\t\t<div class=\"elementor-element elementor-element-b55aaf5 animated-slow elementor-invisible elementor-widget elementor-widget-image\" data-id=\"b55aaf5\" data-element_type=\"widget\" data-settings=\"{&quot;_animation&quot;:&quot;fadeIn&quot;,&quot;ekit_we_effect_on&quot;:&quot;none&quot;}\" data-widget_type=\"image.default\">\n\t\t\t\t<div class=\"elementor-widget-container\">\n\t\t\t\t\t\t\t\t\t\t\t\t\t\t\t<img fetchpriority=\"high\" decoding=\"async\" width=\"800\" height=\"457\" src=\"https:\/\/mythonline.com\/wp-content\/uploads\/2024\/04\/00-1024x585.webp\" class=\"attachment-large size-large wp-image-3122\" alt=\"\" srcset=\"https:\/\/mythonline.com\/wp-content\/uploads\/2024\/04\/00-1024x585.webp 1024w, https:\/\/mythonline.com\/wp-content\/uploads\/2024\/04\/00-300x171.webp 300w, https:\/\/mythonline.com\/wp-content\/uploads\/2024\/04\/00-768x439.webp 768w, https:\/\/mythonline.com\/wp-content\/uploads\/2024\/04\/00-1536x877.webp 1536w, https:\/\/mythonline.com\/wp-content\/uploads\/2024\/04\/00-18x10.webp 18w, https:\/\/mythonline.com\/wp-content\/uploads\/2024\/04\/00.webp 2000w\" sizes=\"(max-width: 800px) 100vw, 800px\" \/>\t\t\t\t\t\t\t\t\t\t\t\t\t\t\t<\/div>\n\t\t\t\t<\/div>\n\t\t\t\t<div class=\"elementor-element elementor-element-f020494 animated-slow elementor-invisible elementor-widget elementor-widget-text-editor\" data-id=\"f020494\" data-element_type=\"widget\" data-settings=\"{&quot;_animation&quot;:&quot;fadeIn&quot;,&quot;ekit_we_effect_on&quot;:&quot;none&quot;}\" data-widget_type=\"text-editor.default\">\n\t\t\t\t<div class=\"elementor-widget-container\">\n\t\t\t\t\t\t\t\t\t<p>Zeus, R\u00e1, Odin e Sucellus tinham poderes e ambi\u00e7\u00f5es distintas, e logo surgiu uma rivalidade. Mas dada a vastid\u00e3o do universo, os conflitos que surgiram pareciam insignificantes.<\/p><p>Ao longo de mil\u00e9nios, os Soberanos envolveram-se numa busca incans\u00e1vel por um planeta digno de ser o lar dos deuses. Foi ent\u00e3o que a deusa Sucellus, com seus poderes \u00fanicos, descobriu Eldran, o Planeta Primordial, uma fonte incompar\u00e1vel de energia vital, essencial para a prosperidade da vida.<\/p><p>Sucellus ficou surpresa com o que viu. O Planeta Primordial exalava uma energia quase infinita, diferente de tudo que ela j\u00e1 havia testemunhado. Era um verdadeiro para\u00edso, onde a vida prosperava com facilidade.<\/p>\t\t\t\t\t\t\t\t<\/div>\n\t\t\t\t<\/div>\n\t\t\t\t<div class=\"elementor-element elementor-element-7475548 animated-slow elementor-invisible elementor-widget elementor-widget-image\" data-id=\"7475548\" data-element_type=\"widget\" data-settings=\"{&quot;_animation&quot;:&quot;fadeIn&quot;,&quot;ekit_we_effect_on&quot;:&quot;none&quot;}\" data-widget_type=\"image.default\">\n\t\t\t\t<div class=\"elementor-widget-container\">\n\t\t\t\t\t\t\t\t\t\t\t\t\t\t\t<img decoding=\"async\" width=\"800\" height=\"457\" src=\"https:\/\/mythonline.com\/wp-content\/uploads\/2024\/04\/Eldran-1-1024x585.webp\" class=\"attachment-large size-large wp-image-3123\" alt=\"\" srcset=\"https:\/\/mythonline.com\/wp-content\/uploads\/2024\/04\/Eldran-1-1024x585.webp 1024w, https:\/\/mythonline.com\/wp-content\/uploads\/2024\/04\/Eldran-1-300x171.webp 300w, https:\/\/mythonline.com\/wp-content\/uploads\/2024\/04\/Eldran-1-768x439.webp 768w, https:\/\/mythonline.com\/wp-content\/uploads\/2024\/04\/Eldran-1-1536x877.webp 1536w, https:\/\/mythonline.com\/wp-content\/uploads\/2024\/04\/Eldran-1-18x10.webp 18w, https:\/\/mythonline.com\/wp-content\/uploads\/2024\/04\/Eldran-1.webp 2000w\" sizes=\"(max-width: 800px) 100vw, 800px\" \/>\t\t\t\t\t\t\t\t\t\t\t\t\t\t\t<\/div>\n\t\t\t\t<\/div>\n\t\t\t\t<div class=\"elementor-element elementor-element-570b8a5 animated-slow elementor-invisible elementor-widget elementor-widget-text-editor\" data-id=\"570b8a5\" data-element_type=\"widget\" data-settings=\"{&quot;_animation&quot;:&quot;fadeIn&quot;,&quot;ekit_we_effect_on&quot;:&quot;none&quot;}\" data-widget_type=\"text-editor.default\">\n\t\t\t\t<div class=\"elementor-widget-container\">\n\t\t\t\t\t\t\t\t\t<p>No entanto, o caos logo se instalou. A not\u00edcia da descoberta de Eldran se espalhou entre os Soberanos, despertando ambi\u00e7\u00f5es e disputas pelo planeta.<\/p><p>Eldran, antes visto como um vislumbre do para\u00edso, rapidamente se transformou em um campo de batalha. Os Soberanos lutaram entre si, assim como os seus seguidores, numa guerra que durou muitos s\u00e9culos.<\/p><p>O destino de Eldran estava \u00e0 beira do abismo, assim como a vida do universo, que estava prestes a ser aniquilado pelo fogo de uma guerra divina onde n\u00e3o haveria vencedores, apenas morte e destrui\u00e7\u00e3o.<\/p>\t\t\t\t\t\t\t\t<\/div>\n\t\t\t\t<\/div>\n\t\t\t\t<div class=\"elementor-element elementor-element-6953e5f animated-slow elementor-invisible elementor-widget elementor-widget-image\" data-id=\"6953e5f\" data-element_type=\"widget\" data-settings=\"{&quot;_animation&quot;:&quot;fadeIn&quot;,&quot;ekit_we_effect_on&quot;:&quot;none&quot;}\" data-widget_type=\"image.default\">\n\t\t\t\t<div class=\"elementor-widget-container\">\n\t\t\t\t\t\t\t\t\t\t\t\t\t\t\t<img decoding=\"async\" width=\"800\" height=\"457\" src=\"https:\/\/mythonline.com\/wp-content\/uploads\/2024\/04\/Landscape-fire-1024x585.webp\" class=\"attachment-large size-large wp-image-3124\" alt=\"\" srcset=\"https:\/\/mythonline.com\/wp-content\/uploads\/2024\/04\/Landscape-fire-1024x585.webp 1024w, https:\/\/mythonline.com\/wp-content\/uploads\/2024\/04\/Landscape-fire-300x171.webp 300w, https:\/\/mythonline.com\/wp-content\/uploads\/2024\/04\/Landscape-fire-768x439.webp 768w, https:\/\/mythonline.com\/wp-content\/uploads\/2024\/04\/Landscape-fire-1536x877.webp 1536w, https:\/\/mythonline.com\/wp-content\/uploads\/2024\/04\/Landscape-fire.webp 2000w\" sizes=\"(max-width: 800px) 100vw, 800px\" \/>\t\t\t\t\t\t\t\t\t\t\t\t\t\t\t<\/div>\n\t\t\t\t<\/div>\n\t\t\t\t<div class=\"elementor-element elementor-element-4a72edc animated-slow elementor-invisible elementor-widget elementor-widget-text-editor\" data-id=\"4a72edc\" data-element_type=\"widget\" data-settings=\"{&quot;_animation&quot;:&quot;fadeIn&quot;,&quot;ekit_we_effect_on&quot;:&quot;none&quot;}\" data-widget_type=\"text-editor.default\">\n\t\t\t\t<div class=\"elementor-widget-container\">\n\t\t\t\t\t\t\t\t\t<p>Eldran parecia sem esperan\u00e7a, mas uma descoberta inesperada mudou para sempre o seu destino. No auge do caos e da destrui\u00e7\u00e3o, os Soberanos compreenderam a verdadeira natureza da fonte de poder concentrada em Eldran. A revela\u00e7\u00e3o trouxe uma nova perspectiva para a guerra divina, provocando uma pausa no conflito.<\/p><p>Com o tempo, um acordo de paz foi alcan\u00e7ado entre os deuses soberanos e seus reinos, mas eles se recusaram a deixar o planeta. Diante disso, foi estabelecido um acordo de conviv\u00eancia. Cada deus soberano e seus seguidores foram designados para ocupar uma regi\u00e3o espec\u00edfica de Eldran, onde poderiam governar seus pr\u00f3prios reinos e povos.<\/p>\t\t\t\t\t\t\t\t<\/div>\n\t\t\t\t<\/div>\n\t\t\t\t<div class=\"elementor-element elementor-element-62ca499 animated-slow elementor-invisible elementor-widget elementor-widget-image\" data-id=\"62ca499\" data-element_type=\"widget\" data-settings=\"{&quot;_animation&quot;:&quot;fadeIn&quot;,&quot;ekit_we_effect_on&quot;:&quot;none&quot;}\" data-widget_type=\"image.default\">\n\t\t\t\t<div class=\"elementor-widget-container\">\n\t\t\t\t\t\t\t\t\t\t\t\t\t\t\t<img loading=\"lazy\" decoding=\"async\" width=\"800\" height=\"457\" src=\"https:\/\/mythonline.com\/wp-content\/uploads\/2024\/04\/gods-alliance-1024x585.webp\" class=\"attachment-large size-large wp-image-3125\" alt=\"\" srcset=\"https:\/\/mythonline.com\/wp-content\/uploads\/2024\/04\/gods-alliance-1024x585.webp 1024w, https:\/\/mythonline.com\/wp-content\/uploads\/2024\/04\/gods-alliance-300x171.webp 300w, https:\/\/mythonline.com\/wp-content\/uploads\/2024\/04\/gods-alliance-768x439.webp 768w, https:\/\/mythonline.com\/wp-content\/uploads\/2024\/04\/gods-alliance-1536x877.webp 1536w, https:\/\/mythonline.com\/wp-content\/uploads\/2024\/04\/gods-alliance.webp 2000w\" sizes=\"(max-width: 800px) 100vw, 800px\" \/>\t\t\t\t\t\t\t\t\t\t\t\t\t\t\t<\/div>\n\t\t\t\t<\/div>\n\t\t\t\t<div class=\"elementor-element elementor-element-8ddb5fe animated-slow elementor-invisible elementor-widget elementor-widget-text-editor\" data-id=\"8ddb5fe\" data-element_type=\"widget\" data-settings=\"{&quot;_animation&quot;:&quot;fadeIn&quot;,&quot;ekit_we_effect_on&quot;:&quot;none&quot;}\" data-widget_type=\"text-editor.default\">\n\t\t\t\t<div class=\"elementor-widget-container\">\n\t\t\t\t\t\t\t\t\t<p>Assim, Eldran tornou-se palco para a coexist\u00eancia dos deuses, e um equil\u00edbrio fr\u00e1gil, mas necess\u00e1rio, foi estabelecido para preservar a paz no Planeta Primordial. Muitas ra\u00e7as morreram no conflito e os poucos sobreviventes come\u00e7aram a habitar o planeta. Com o passar do tempo, o cruzamento entre as ra\u00e7as restantes deu origem aos humanos, que se destacaram e proliferaram.\u00a0<\/p><p>Dado o acordo de paz entre os Soberanos, os Deuses n\u00e3o interfeririam no curso da vida, permitindo que a vida evolu\u00edsse naturalmente no planeta. Por\u00e9m, a ambi\u00e7\u00e3o dos deuses ser\u00e1 sempre o maior desafio neste fr\u00e1gil acordo, e chegar\u00e1 o momento em que caber\u00e1 aos mortais desempenhar o papel de verdadeiros her\u00f3is.<\/p>\t\t\t\t\t\t\t\t<\/div>\n\t\t\t\t<\/div>\n\t\t\t\t\t<\/div>\n\t\t\t\t<\/div>\n\t\t\t\t\t<\/div>\n\t\t\t\t<\/div>\n\t\t\t\t<\/div>","protected":false},"excerpt":{"rendered":"<p>The Eldran Discovery At the beginning of creation, there were the primordial gods, cosmic beings of immense power. From the union of their powers, they gave rise to the universe and all the energy existing within it.&nbsp; However, the universe remained cold and empty. Before retreating into an eternal slumber, they decided to create life, [&hellip;]<\/p>","protected":false},"author":3,"featured_media":0,"parent":0,"menu_order":0,"comment_status":"closed","ping_status":"closed","template":"elementor_header_footer","meta":{"_acf_changed":false,"inline_featured_image":false,"footnotes":""},"class_list":["post-3005","page","type-page","status-publish","hentry"],"acf":[],"_links":{"self":[{"href":"https:\/\/mythonline.com\/pt\/wp-json\/wp\/v2\/pages\/3005","targetHints":{"allow":["GET"]}}],"collection":[{"href":"https:\/\/mythonline.com\/pt\/wp-json\/wp\/v2\/pages"}],"about":[{"href":"https:\/\/mythonline.com\/pt\/wp-json\/wp\/v2\/types\/page"}],"author":[{"embeddable":true,"href":"https:\/\/mythonline.com\/pt\/wp-json\/wp\/v2\/users\/3"}],"replies":[{"embeddable":true,"href":"https:\/\/mythonline.com\/pt\/wp-json\/wp\/v2\/comments?post=3005"}],"version-history":[{"count":7,"href":"https:\/\/mythonline.com\/pt\/wp-json\/wp\/v2\/pages\/3005\/revisions"}],"predecessor-version":[{"id":5237,"href":"https:\/\/mythonline.com\/pt\/wp-json\/wp\/v2\/pages\/3005\/revisions\/5237"}],"wp:attachment":[{"href":"https:\/\/mythonline.com\/pt\/wp-json\/wp\/v2\/media?parent=3005"}],"curies":[{"name":"wp","href":"https:\/\/api.w.org\/{rel}","templated":true}]}}