{"id":3011,"date":"2024-04-10T14:12:32","date_gmt":"2024-04-10T14:12:32","guid":{"rendered":"https:\/\/mythonline.com\/?page_id=3011"},"modified":"2025-04-09T16:26:26","modified_gmt":"2025-04-09T16:26:26","slug":"armor-2","status":"publish","type":"page","link":"https:\/\/mythonline.com\/pt\/armor-2\/","title":{"rendered":"Armor"},"content":{"rendered":"<div data-elementor-type=\"wp-page\" data-elementor-id=\"3011\" class=\"elementor elementor-3011\" data-elementor-post-type=\"page\">\n\t\t\t\t<div class=\"elementor-element elementor-element-8cdab5e e-flex e-con-boxed e-con e-parent\" data-id=\"8cdab5e\" data-element_type=\"container\">\n\t\t\t\t\t<div class=\"e-con-inner\">\n\t\t\t\t<div class=\"elementor-element elementor-element-5dea9ae elementor-widget elementor-widget-heading\" data-id=\"5dea9ae\" data-element_type=\"widget\" data-settings=\"{&quot;ekit_we_effect_on&quot;:&quot;none&quot;}\" data-widget_type=\"heading.default\">\n\t\t\t\t<div class=\"elementor-widget-container\">\n\t\t\t\t\t<h2 class=\"elementor-heading-title elementor-size-default\">Armor System in Make Your True Hero<\/h2>\t\t\t\t<\/div>\n\t\t\t\t<\/div>\n\t\t\t\t<div class=\"elementor-element elementor-element-f6a42b9 elementor-widget elementor-widget-text-editor\" data-id=\"f6a42b9\" data-element_type=\"widget\" data-settings=\"{&quot;ekit_we_effect_on&quot;:&quot;none&quot;}\" data-widget_type=\"text-editor.default\">\n\t\t\t\t<div class=\"elementor-widget-container\">\n\t\t\t\t\t\t\t\t\t<p><span style=\"font-weight: 400;\">No mundo de Myth Online, a escolha da armadura certa desempenha um papel crucial no estilo de combate de cada jogador. Com uma variedade de op\u00e7\u00f5es dispon\u00edveis, de armaduras leves a pesadas, os jogadores podem personalizar seu personagem de acordo com suas prefer\u00eancias de jogo.<\/span><\/p>\t\t\t\t\t\t\t\t<\/div>\n\t\t\t\t<\/div>\n\t\t\t\t<div class=\"elementor-element elementor-element-211523f elementor-widget elementor-widget-heading\" data-id=\"211523f\" data-element_type=\"widget\" data-settings=\"{&quot;ekit_we_effect_on&quot;:&quot;none&quot;}\" data-widget_type=\"heading.default\">\n\t\t\t\t<div class=\"elementor-widget-container\">\n\t\t\t\t\t<h3 class=\"elementor-heading-title elementor-size-default\">1. ARMADURA LEVE:<\/h3>\t\t\t\t<\/div>\n\t\t\t\t<\/div>\n\t\t<div class=\"elementor-element elementor-element-0a97d54 e-flex e-con-boxed e-con e-child\" data-id=\"0a97d54\" data-element_type=\"container\">\n\t\t\t\t\t<div class=\"e-con-inner\">\n\t\t<div class=\"elementor-element elementor-element-e89e8a0 e-flex e-con-boxed e-con e-child\" data-id=\"e89e8a0\" data-element_type=\"container\">\n\t\t\t\t\t<div class=\"e-con-inner\">\n\t\t<div class=\"elementor-element elementor-element-54445a7 animated-slow e-flex e-con-boxed elementor-invisible e-con e-child\" data-id=\"54445a7\" data-element_type=\"container\" data-settings=\"{&quot;animation&quot;:&quot;fadeIn&quot;}\">\n\t\t\t\t\t<div class=\"e-con-inner\">\n\t\t<div class=\"elementor-element elementor-element-a4c6062 e-flex e-con-boxed e-con e-child\" data-id=\"a4c6062\" data-element_type=\"container\">\n\t\t\t\t\t<div class=\"e-con-inner\">\n\t\t\t\t<div class=\"elementor-element elementor-element-50a1970 elementor-widget elementor-widget-image\" data-id=\"50a1970\" data-element_type=\"widget\" data-settings=\"{&quot;ekit_we_effect_on&quot;:&quot;none&quot;}\" data-widget_type=\"image.default\">\n\t\t\t\t<div class=\"elementor-widget-container\">\n\t\t\t\t\t\t\t\t\t\t\t\t\t\t\t<img fetchpriority=\"high\" decoding=\"async\" width=\"729\" height=\"1024\" src=\"https:\/\/mythonline.com\/wp-content\/uploads\/2024\/04\/Artboard-1-1-729x1024.png\" class=\"attachment-large size-large wp-image-3081\" alt=\"\" srcset=\"https:\/\/mythonline.com\/wp-content\/uploads\/2024\/04\/Artboard-1-1-729x1024.png 729w, https:\/\/mythonline.com\/wp-content\/uploads\/2024\/04\/Artboard-1-1-213x300.png 213w, https:\/\/mythonline.com\/wp-content\/uploads\/2024\/04\/Artboard-1-1-768x1079.png 768w, https:\/\/mythonline.com\/wp-content\/uploads\/2024\/04\/Artboard-1-1-1093x1536.png 1093w, https:\/\/mythonline.com\/wp-content\/uploads\/2024\/04\/Artboard-1-1.png 1366w\" sizes=\"(max-width: 729px) 100vw, 729px\" \/>\t\t\t\t\t\t\t\t\t\t\t\t\t\t\t<\/div>\n\t\t\t\t<\/div>\n\t\t\t\t\t<\/div>\n\t\t\t\t<\/div>\n\t\t<div class=\"elementor-element elementor-element-101c6a6 e-flex e-con-boxed e-con e-child\" data-id=\"101c6a6\" data-element_type=\"container\">\n\t\t\t\t\t<div class=\"e-con-inner\">\n\t\t<div class=\"elementor-element elementor-element-6cafe23 e-flex e-con-boxed e-con e-child\" data-id=\"6cafe23\" data-element_type=\"container\">\n\t\t\t\t\t<div class=\"e-con-inner\">\n\t\t\t\t<div class=\"elementor-element elementor-element-2b6141b elementor-widget elementor-widget-text-editor\" data-id=\"2b6141b\" data-element_type=\"widget\" data-settings=\"{&quot;ekit_we_effect_on&quot;:&quot;none&quot;}\" data-widget_type=\"text-editor.default\">\n\t\t\t\t<div class=\"elementor-widget-container\">\n\t\t\t\t\t\t\t\t\t<p>&#8211; <b>Caracter\u00edsticas:<\/b>: Oferece mais agilidade e dano, mas menos defesa e peso.<\/p><p><br \/>&#8211; <b>Vantagens<\/b>: Ideal para jogadores que priorizam velocidade e dano em combate. Sua leveza ajuda a evitar ultrapassar o limite de peso do invent\u00e1rio.<\/p><p><br \/>&#8211; <b>Desvantagens<\/b>: Defesa baixa contra ataques inimigos.<\/p>\t\t\t\t\t\t\t\t<\/div>\n\t\t\t\t<\/div>\n\t\t\t\t\t<\/div>\n\t\t\t\t<\/div>\n\t\t\t\t\t<\/div>\n\t\t\t\t<\/div>\n\t\t\t\t\t<\/div>\n\t\t\t\t<\/div>\n\t\t\t\t<div class=\"elementor-element elementor-element-1543915 elementor-widget elementor-widget-heading\" data-id=\"1543915\" data-element_type=\"widget\" data-settings=\"{&quot;ekit_we_effect_on&quot;:&quot;none&quot;}\" data-widget_type=\"heading.default\">\n\t\t\t\t<div class=\"elementor-widget-container\">\n\t\t\t\t\t<h3 class=\"elementor-heading-title elementor-size-default\">2. ARMADURA BALANCEADA<\/h3>\t\t\t\t<\/div>\n\t\t\t\t<\/div>\n\t\t<div class=\"elementor-element elementor-element-e042bd5 animated-slow e-flex e-con-boxed elementor-invisible e-con e-child\" data-id=\"e042bd5\" data-element_type=\"container\" data-settings=\"{&quot;animation&quot;:&quot;fadeIn&quot;}\">\n\t\t\t\t\t<div class=\"e-con-inner\">\n\t\t<div class=\"elementor-element elementor-element-5aaa1cc e-flex e-con-boxed e-con e-child\" data-id=\"5aaa1cc\" data-element_type=\"container\">\n\t\t\t\t\t<div class=\"e-con-inner\">\n\t\t\t\t<div class=\"elementor-element elementor-element-4fd805e elementor-widget elementor-widget-image\" data-id=\"4fd805e\" data-element_type=\"widget\" data-settings=\"{&quot;ekit_we_effect_on&quot;:&quot;none&quot;}\" data-widget_type=\"image.default\">\n\t\t\t\t<div class=\"elementor-widget-container\">\n\t\t\t\t\t\t\t\t\t\t\t\t\t\t\t<img decoding=\"async\" width=\"729\" height=\"1024\" src=\"https:\/\/mythonline.com\/wp-content\/uploads\/2024\/04\/Artboard-1-copy-729x1024.png\" class=\"attachment-large size-large wp-image-3087\" alt=\"\" srcset=\"https:\/\/mythonline.com\/wp-content\/uploads\/2024\/04\/Artboard-1-copy-729x1024.png 729w, https:\/\/mythonline.com\/wp-content\/uploads\/2024\/04\/Artboard-1-copy-213x300.png 213w, https:\/\/mythonline.com\/wp-content\/uploads\/2024\/04\/Artboard-1-copy-768x1079.png 768w, https:\/\/mythonline.com\/wp-content\/uploads\/2024\/04\/Artboard-1-copy-1093x1536.png 1093w, https:\/\/mythonline.com\/wp-content\/uploads\/2024\/04\/Artboard-1-copy.png 1366w\" sizes=\"(max-width: 729px) 100vw, 729px\" \/>\t\t\t\t\t\t\t\t\t\t\t\t\t\t\t<\/div>\n\t\t\t\t<\/div>\n\t\t\t\t\t<\/div>\n\t\t\t\t<\/div>\n\t\t<div class=\"elementor-element elementor-element-a9066d7 e-flex e-con-boxed e-con e-child\" data-id=\"a9066d7\" data-element_type=\"container\">\n\t\t\t\t\t<div class=\"e-con-inner\">\n\t\t<div class=\"elementor-element elementor-element-d74de46 e-flex e-con-boxed e-con e-child\" data-id=\"d74de46\" data-element_type=\"container\">\n\t\t\t\t\t<div class=\"e-con-inner\">\n\t\t\t\t<div class=\"elementor-element elementor-element-e111493 elementor-widget elementor-widget-text-editor\" data-id=\"e111493\" data-element_type=\"widget\" data-settings=\"{&quot;ekit_we_effect_on&quot;:&quot;none&quot;}\" data-widget_type=\"text-editor.default\">\n\t\t\t\t<div class=\"elementor-widget-container\">\n\t\t\t\t\t\t\t\t\t<p>&#8211; <strong>Caracter\u00edsticas:<\/strong>: Fornece um equil\u00edbrio entre agilidade, dano e defesa.<\/p><p><br \/>&#8211; <strong>Vantagens<\/strong>: Vers\u00e1til e adequado para diversas situa\u00e7\u00f5es de combate.<\/p><p><br \/>&#8211; <strong>Desvantagens<\/strong>: Oferece menos atributos em compara\u00e7\u00e3o com armaduras leves e pesadas.<\/p>\t\t\t\t\t\t\t\t<\/div>\n\t\t\t\t<\/div>\n\t\t\t\t\t<\/div>\n\t\t\t\t<\/div>\n\t\t\t\t\t<\/div>\n\t\t\t\t<\/div>\n\t\t\t\t\t<\/div>\n\t\t\t\t<\/div>\n\t\t\t\t<div class=\"elementor-element elementor-element-5180a4c elementor-widget elementor-widget-heading\" data-id=\"5180a4c\" data-element_type=\"widget\" data-settings=\"{&quot;ekit_we_effect_on&quot;:&quot;none&quot;}\" data-widget_type=\"heading.default\">\n\t\t\t\t<div class=\"elementor-widget-container\">\n\t\t\t\t\t<h3 class=\"elementor-heading-title elementor-size-default\">3. ARMADURA PESADA:<\/h3>\t\t\t\t<\/div>\n\t\t\t\t<\/div>\n\t\t<div class=\"elementor-element elementor-element-c2fc087 animated-slow e-flex e-con-boxed elementor-invisible e-con e-child\" data-id=\"c2fc087\" data-element_type=\"container\" data-settings=\"{&quot;animation&quot;:&quot;fadeIn&quot;}\">\n\t\t\t\t\t<div class=\"e-con-inner\">\n\t\t<div class=\"elementor-element elementor-element-87ab099 e-flex e-con-boxed e-con e-child\" data-id=\"87ab099\" data-element_type=\"container\">\n\t\t\t\t\t<div class=\"e-con-inner\">\n\t\t\t\t<div class=\"elementor-element elementor-element-5752882 elementor-widget elementor-widget-image\" data-id=\"5752882\" data-element_type=\"widget\" data-settings=\"{&quot;ekit_we_effect_on&quot;:&quot;none&quot;}\" data-widget_type=\"image.default\">\n\t\t\t\t<div class=\"elementor-widget-container\">\n\t\t\t\t\t\t\t\t\t\t\t\t\t\t\t<img decoding=\"async\" width=\"729\" height=\"1024\" src=\"https:\/\/mythonline.com\/wp-content\/uploads\/2024\/04\/Artboard-1-copy-2-729x1024.png\" class=\"attachment-large size-large wp-image-3082\" alt=\"\" srcset=\"https:\/\/mythonline.com\/wp-content\/uploads\/2024\/04\/Artboard-1-copy-2-729x1024.png 729w, https:\/\/mythonline.com\/wp-content\/uploads\/2024\/04\/Artboard-1-copy-2-213x300.png 213w, https:\/\/mythonline.com\/wp-content\/uploads\/2024\/04\/Artboard-1-copy-2-768x1079.png 768w, https:\/\/mythonline.com\/wp-content\/uploads\/2024\/04\/Artboard-1-copy-2-1093x1536.png 1093w, https:\/\/mythonline.com\/wp-content\/uploads\/2024\/04\/Artboard-1-copy-2.png 1366w\" sizes=\"(max-width: 729px) 100vw, 729px\" \/>\t\t\t\t\t\t\t\t\t\t\t\t\t\t\t<\/div>\n\t\t\t\t<\/div>\n\t\t\t\t\t<\/div>\n\t\t\t\t<\/div>\n\t\t<div class=\"elementor-element elementor-element-b00960c e-flex e-con-boxed e-con e-child\" data-id=\"b00960c\" data-element_type=\"container\">\n\t\t\t\t\t<div class=\"e-con-inner\">\n\t\t<div class=\"elementor-element elementor-element-f75e4c2 e-flex e-con-boxed e-con e-child\" data-id=\"f75e4c2\" data-element_type=\"container\">\n\t\t\t\t\t<div class=\"e-con-inner\">\n\t\t\t\t<div class=\"elementor-element elementor-element-e0f1c54 elementor-widget elementor-widget-text-editor\" data-id=\"e0f1c54\" data-element_type=\"widget\" data-settings=\"{&quot;ekit_we_effect_on&quot;:&quot;none&quot;}\" data-widget_type=\"text-editor.default\">\n\t\t\t\t<div class=\"elementor-widget-container\">\n\t\t\t\t\t\t\t\t\t<p>&#8211; <b>Caracter\u00edsticas:<\/b>: Fornece mais defesa e resist\u00eancia, sacrificando agilidade e dano.<\/p><p>&#8211; <b>Vantagens:<\/b> Ideal para jogadores que desejam resistir aos ataques inimigos e atuar como tanques.<\/p><p>&#8211; <b>Desvantagens<\/b>: Apesar de fornecer maior defesa, a armadura pesada reduz significativamente a mobilidade e a capacidade de infligir danos. Al\u00e9m disso, seu maior peso contribui para ultrapassar o limite de peso do invent\u00e1rio.<\/p>\t\t\t\t\t\t\t\t<\/div>\n\t\t\t\t<\/div>\n\t\t\t\t\t<\/div>\n\t\t\t\t<\/div>\n\t\t\t\t\t<\/div>\n\t\t\t\t<\/div>\n\t\t\t\t\t<\/div>\n\t\t\t\t<\/div>\n\t\t\t\t<div class=\"elementor-element elementor-element-bf12411 elementor-widget elementor-widget-heading\" data-id=\"bf12411\" data-element_type=\"widget\" data-settings=\"{&quot;ekit_we_effect_on&quot;:&quot;none&quot;}\" data-widget_type=\"heading.default\">\n\t\t\t\t<div class=\"elementor-widget-container\">\n\t\t\t\t\t<h3 class=\"elementor-heading-title elementor-size-default\">A armadura balanceada \u00e9 sempre a melhor op\u00e7\u00e3o?\n<\/h3>\t\t\t\t<\/div>\n\t\t\t\t<\/div>\n\t\t\t\t<div class=\"elementor-element elementor-element-04049e1 elementor-widget elementor-widget-text-editor\" data-id=\"04049e1\" data-element_type=\"widget\" data-settings=\"{&quot;ekit_we_effect_on&quot;:&quot;none&quot;}\" data-widget_type=\"text-editor.default\">\n\t\t\t\t<div class=\"elementor-widget-container\">\n\t\t\t\t\t\t\t\t\tEmbora a armadura balanceada seja uma escolha segura para muitos jogadores, n\u00e3o \u00e9 necessariamente a melhor op\u00e7\u00e3o em todas as situa\u00e7\u00f5es. Por exemplo, para linhagens de habilidades que fornecem alta defesa, como paladinos, armaduras leves podem ser prefer\u00edveis para maximizar o dano. Da mesma forma, se o objetivo \u00e9 maximizar a defesa, a armadura pesada pode ser mais adequada. As armaduras oferecem uma variedade de estrat\u00e9gias de combate, permitindo aos jogadores personalizar seu estilo de jogo de acordo com suas prefer\u00eancias e objetivos.\n\t\t\t\t\t\t\t\t<\/div>\n\t\t\t\t<\/div>\n\t\t\t\t\t<\/div>\n\t\t\t\t<\/div>\n\t\t\t\t\t<\/div>\n\t\t\t\t<\/div>\n\t\t\t\t\t<\/div>\n\t\t\t\t<\/div>\n\t\t\t\t<\/div>","protected":false},"excerpt":{"rendered":"<p>Armor System in Make Your True Hero In the world of Myth Online, choosing the right armor plays a crucial role in each player&#8217;s combat style. With a variety of options available, from light to heavy armor, players can customize their character according to their gaming preferences. 1. LIGHT ARMOR: &#8211; Characteristics: Offers more agility [&hellip;]<\/p>","protected":false},"author":3,"featured_media":0,"parent":0,"menu_order":0,"comment_status":"closed","ping_status":"closed","template":"elementor_header_footer","meta":{"_acf_changed":false,"inline_featured_image":false,"footnotes":""},"class_list":["post-3011","page","type-page","status-publish","hentry"],"acf":[],"_links":{"self":[{"href":"https:\/\/mythonline.com\/pt\/wp-json\/wp\/v2\/pages\/3011","targetHints":{"allow":["GET"]}}],"collection":[{"href":"https:\/\/mythonline.com\/pt\/wp-json\/wp\/v2\/pages"}],"about":[{"href":"https:\/\/mythonline.com\/pt\/wp-json\/wp\/v2\/types\/page"}],"author":[{"embeddable":true,"href":"https:\/\/mythonline.com\/pt\/wp-json\/wp\/v2\/users\/3"}],"replies":[{"embeddable":true,"href":"https:\/\/mythonline.com\/pt\/wp-json\/wp\/v2\/comments?post=3011"}],"version-history":[{"count":10,"href":"https:\/\/mythonline.com\/pt\/wp-json\/wp\/v2\/pages\/3011\/revisions"}],"predecessor-version":[{"id":5210,"href":"https:\/\/mythonline.com\/pt\/wp-json\/wp\/v2\/pages\/3011\/revisions\/5210"}],"wp:attachment":[{"href":"https:\/\/mythonline.com\/pt\/wp-json\/wp\/v2\/media?parent=3011"}],"curies":[{"name":"wp","href":"https:\/\/api.w.org\/{rel}","templated":true}]}}