{"id":3902,"date":"2024-05-17T23:58:34","date_gmt":"2024-05-17T23:58:34","guid":{"rendered":"https:\/\/mythonline.com\/?page_id=3902"},"modified":"2025-04-09T16:26:52","modified_gmt":"2025-04-09T16:26:52","slug":"day-and-night-cycle-system","status":"publish","type":"page","link":"https:\/\/mythonline.com\/pt\/day-and-night-cycle-system\/","title":{"rendered":"Sistema de Dia e Noite"},"content":{"rendered":"<div data-elementor-type=\"wp-page\" data-elementor-id=\"3902\" class=\"elementor elementor-3902\" data-elementor-post-type=\"page\">\n\t\t\t\t<div class=\"elementor-element elementor-element-b924a53 e-flex e-con-boxed e-con e-parent\" data-id=\"b924a53\" data-element_type=\"container\">\n\t\t\t\t\t<div class=\"e-con-inner\">\n\t\t<div class=\"elementor-element elementor-element-685c5ea e-flex e-con-boxed e-con e-child\" data-id=\"685c5ea\" data-element_type=\"container\">\n\t\t\t\t\t<div class=\"e-con-inner\">\n\t\t\t\t<div class=\"elementor-element elementor-element-7517e87 animated-slow elementor-invisible elementor-widget elementor-widget-heading\" data-id=\"7517e87\" data-element_type=\"widget\" data-settings=\"{&quot;_animation&quot;:&quot;fadeIn&quot;,&quot;ekit_we_effect_on&quot;:&quot;none&quot;}\" data-widget_type=\"heading.default\">\n\t\t\t\t<div class=\"elementor-widget-container\">\n\t\t\t\t\t<h2 class=\"elementor-heading-title elementor-size-default\">Sistema de Dia e Noite<\/h2>\t\t\t\t<\/div>\n\t\t\t\t<\/div>\n\t\t\t\t<div class=\"elementor-element elementor-element-c6080f0 animated-slow elementor-invisible elementor-widget elementor-widget-image\" data-id=\"c6080f0\" data-element_type=\"widget\" data-settings=\"{&quot;_animation&quot;:&quot;fadeIn&quot;,&quot;ekit_we_effect_on&quot;:&quot;none&quot;}\" data-widget_type=\"image.default\">\n\t\t\t\t<div class=\"elementor-widget-container\">\n\t\t\t\t\t\t\t\t\t\t\t\t\t\t\t<img fetchpriority=\"high\" decoding=\"async\" width=\"800\" height=\"457\" src=\"https:\/\/mythonline.com\/wp-content\/uploads\/2024\/05\/lossnoia_medieval_knight_with_a_torch_in_his_hand_exploring_a_f_e2f3e7d3-ab1f-4b4e-b717-8457573fdc20-1024x585.webp\" class=\"attachment-large size-large wp-image-4012\" alt=\"\" srcset=\"https:\/\/mythonline.com\/wp-content\/uploads\/2024\/05\/lossnoia_medieval_knight_with_a_torch_in_his_hand_exploring_a_f_e2f3e7d3-ab1f-4b4e-b717-8457573fdc20-1024x585.webp 1024w, https:\/\/mythonline.com\/wp-content\/uploads\/2024\/05\/lossnoia_medieval_knight_with_a_torch_in_his_hand_exploring_a_f_e2f3e7d3-ab1f-4b4e-b717-8457573fdc20-300x171.webp 300w, https:\/\/mythonline.com\/wp-content\/uploads\/2024\/05\/lossnoia_medieval_knight_with_a_torch_in_his_hand_exploring_a_f_e2f3e7d3-ab1f-4b4e-b717-8457573fdc20-768x439.webp 768w, https:\/\/mythonline.com\/wp-content\/uploads\/2024\/05\/lossnoia_medieval_knight_with_a_torch_in_his_hand_exploring_a_f_e2f3e7d3-ab1f-4b4e-b717-8457573fdc20-1536x878.webp 1536w, https:\/\/mythonline.com\/wp-content\/uploads\/2024\/05\/lossnoia_medieval_knight_with_a_torch_in_his_hand_exploring_a_f_e2f3e7d3-ab1f-4b4e-b717-8457573fdc20-2048x1170.webp 2048w\" sizes=\"(max-width: 800px) 100vw, 800px\" \/>\t\t\t\t\t\t\t\t\t\t\t\t\t\t\t<\/div>\n\t\t\t\t<\/div>\n\t\t\t\t\t<\/div>\n\t\t\t\t<\/div>\n\t\t<div class=\"elementor-element elementor-element-17a7564 e-flex e-con-boxed e-con e-child\" data-id=\"17a7564\" data-element_type=\"container\">\n\t\t\t\t\t<div class=\"e-con-inner\">\n\t\t\t\t<div class=\"elementor-element elementor-element-7fc4b5d animated-slow elementor-invisible elementor-widget elementor-widget-heading\" data-id=\"7fc4b5d\" data-element_type=\"widget\" data-settings=\"{&quot;_animation&quot;:&quot;fadeIn&quot;,&quot;ekit_we_effect_on&quot;:&quot;none&quot;}\" data-widget_type=\"heading.default\">\n\t\t\t\t<div class=\"elementor-widget-container\">\n\t\t\t\t\t<h3 class=\"elementor-heading-title elementor-size-default\">Introdu\u00e7\u00e3o ao Sistema de Ciclo Dia e Noite\n<\/h3>\t\t\t\t<\/div>\n\t\t\t\t<\/div>\n\t\t\t\t<div class=\"elementor-element elementor-element-0b19073 elementor-invisible elementor-widget elementor-widget-text-editor\" data-id=\"0b19073\" data-element_type=\"widget\" data-settings=\"{&quot;_animation&quot;:&quot;fadeIn&quot;,&quot;ekit_we_effect_on&quot;:&quot;none&quot;}\" data-widget_type=\"text-editor.default\">\n\t\t\t\t<div class=\"elementor-widget-container\">\n\t\t\t\t\t\t\t\t\t<p>Nosso jogo apresenta um sistema de ciclo de dia e noite que adiciona uma camada extra de imers\u00e3o e estrat\u00e9gia \u00e0 jogabilidade. Este ciclo n\u00e3o apenas muda a apar\u00eancia do mundo, mas tamb\u00e9m afeta a jogabilidade, as atividades dos NPCs e as habilidades dos jogadores.<\/p>\t\t\t\t\t\t\t\t<\/div>\n\t\t\t\t<\/div>\n\t\t\t\t<div class=\"elementor-element elementor-element-4a8a52c elementor-invisible elementor-widget elementor-widget-heading\" data-id=\"4a8a52c\" data-element_type=\"widget\" data-settings=\"{&quot;_animation&quot;:&quot;fadeIn&quot;,&quot;ekit_we_effect_on&quot;:&quot;none&quot;}\" data-widget_type=\"heading.default\">\n\t\t\t\t<div class=\"elementor-widget-container\">\n\t\t\t\t\t<h3 class=\"elementor-heading-title elementor-size-default\">Dura\u00e7\u00e3o do ciclo:<\/h3>\t\t\t\t<\/div>\n\t\t\t\t<\/div>\n\t\t\t\t<div class=\"elementor-element elementor-element-4cb72c5 elementor-invisible elementor-widget elementor-widget-text-editor\" data-id=\"4cb72c5\" data-element_type=\"widget\" data-settings=\"{&quot;_animation&quot;:&quot;fadeIn&quot;,&quot;ekit_we_effect_on&quot;:&quot;none&quot;}\" data-widget_type=\"text-editor.default\">\n\t\t\t\t<div class=\"elementor-widget-container\">\n\t\t\t\t\t\t\t\t\t<p><span style=\"color: var( --e-global-color-e386ea4 );\">O ciclo completo de dia e noite dura 4 horas reais, permitindo que os jogadores experimentem 6 ciclos completos dentro de um per\u00edodo de 24 horas. Cada ciclo \u00e9 dividido em quatro fases distintas:<\/span><\/p><p class=\"translation-block\">\u2022\u00a0<b>Dia:<\/b> 90 minutos<\/p><p class=\"translation-block\">\u2022\u00a0<b>P\u00f4r do sol:<\/b> 30 minutos<\/p><p class=\"translation-block\">\u2022\u00a0<b>Noite:<\/b> 90 minutos<\/p><p>\u2022\u00a0<b>Amanhecer:<\/b> 30 minutos<\/p><p><span style=\"font-weight: bold; color: var( --e-global-color-e386ea4 );\">\u00a0<\/span><\/p>\t\t\t\t\t\t\t\t<\/div>\n\t\t\t\t<\/div>\n\t\t\t\t<div class=\"elementor-element elementor-element-2274a8b elementor-invisible elementor-widget elementor-widget-heading\" data-id=\"2274a8b\" data-element_type=\"widget\" data-settings=\"{&quot;_animation&quot;:&quot;fadeIn&quot;,&quot;ekit_we_effect_on&quot;:&quot;none&quot;}\" data-widget_type=\"heading.default\">\n\t\t\t\t<div class=\"elementor-widget-container\">\n\t\t\t\t\t<h3 class=\"elementor-heading-title elementor-size-default\">Impactos Ambientais\n<\/h3>\t\t\t\t<\/div>\n\t\t\t\t<\/div>\n\t\t\t\t<div class=\"elementor-element elementor-element-859c01a elementor-invisible elementor-widget elementor-widget-heading\" data-id=\"859c01a\" data-element_type=\"widget\" data-settings=\"{&quot;_animation&quot;:&quot;fadeIn&quot;,&quot;ekit_we_effect_on&quot;:&quot;none&quot;}\" data-widget_type=\"heading.default\">\n\t\t\t\t<div class=\"elementor-widget-container\">\n\t\t\t\t\t<h3 class=\"elementor-heading-title elementor-size-default\">Dia:<\/h3>\t\t\t\t<\/div>\n\t\t\t\t<\/div>\n\t\t\t\t<div class=\"elementor-element elementor-element-149b75f elementor-invisible elementor-widget elementor-widget-text-editor\" data-id=\"149b75f\" data-element_type=\"widget\" data-settings=\"{&quot;_animation&quot;:&quot;fadeIn&quot;,&quot;ekit_we_effect_on&quot;:&quot;none&quot;}\" data-widget_type=\"text-editor.default\">\n\t\t\t\t<div class=\"elementor-widget-container\">\n\t\t\t\t\t\t\t\t\t<p class=\"p1\">\u2022<b>Ilumina\u00e7\u00e3o:<\/b> A luz do sol proporciona excelente visibilidade, permitindo que os jogadores explorem e lutem com facilidade.<\/p><p class=\"p1\">\u2022<b>Atividades dos NPCs:<\/b> A maioria dos NPCs s\u00e3o ativos, oferecendo miss\u00f5es e interagindo com os jogadores.<\/p><p class=\"p1\">\u2022<b>Fauna:<\/b> Criaturas predominantemente diurnas, com menos monstros perigosos presentes.<\/p>\t\t\t\t\t\t\t\t<\/div>\n\t\t\t\t<\/div>\n\t\t\t\t<div class=\"elementor-element elementor-element-116ba29 elementor-widget elementor-widget-image\" data-id=\"116ba29\" data-element_type=\"widget\" data-settings=\"{&quot;ekit_we_effect_on&quot;:&quot;none&quot;}\" data-widget_type=\"image.default\">\n\t\t\t\t<div class=\"elementor-widget-container\">\n\t\t\t\t\t\t\t\t\t\t\t\t\t\t\t<img decoding=\"async\" width=\"800\" height=\"450\" src=\"https:\/\/mythonline.com\/wp-content\/uploads\/2024\/05\/dia-1024x576.jpg\" class=\"attachment-large size-large wp-image-3928\" alt=\"\" srcset=\"https:\/\/mythonline.com\/wp-content\/uploads\/2024\/05\/dia-1024x576.jpg 1024w, https:\/\/mythonline.com\/wp-content\/uploads\/2024\/05\/dia-300x169.jpg 300w, https:\/\/mythonline.com\/wp-content\/uploads\/2024\/05\/dia-768x432.jpg 768w, https:\/\/mythonline.com\/wp-content\/uploads\/2024\/05\/dia-1536x864.jpg 1536w, https:\/\/mythonline.com\/wp-content\/uploads\/2024\/05\/dia-2048x1152.jpg 2048w, https:\/\/mythonline.com\/wp-content\/uploads\/2024\/05\/dia-18x10.jpg 18w\" sizes=\"(max-width: 800px) 100vw, 800px\" \/>\t\t\t\t\t\t\t\t\t\t\t\t\t\t\t<\/div>\n\t\t\t\t<\/div>\n\t\t\t\t<div class=\"elementor-element elementor-element-ba32095 elementor-invisible elementor-widget elementor-widget-heading\" data-id=\"ba32095\" data-element_type=\"widget\" data-settings=\"{&quot;_animation&quot;:&quot;fadeIn&quot;,&quot;ekit_we_effect_on&quot;:&quot;none&quot;}\" data-widget_type=\"heading.default\">\n\t\t\t\t<div class=\"elementor-widget-container\">\n\t\t\t\t\t<h3 class=\"elementor-heading-title elementor-size-default\">P\u00f4r do sol:\n\n<\/h3>\t\t\t\t<\/div>\n\t\t\t\t<\/div>\n\t\t\t\t<div class=\"elementor-element elementor-element-b6da84e elementor-invisible elementor-widget elementor-widget-text-editor\" data-id=\"b6da84e\" data-element_type=\"widget\" data-settings=\"{&quot;_animation&quot;:&quot;fadeIn&quot;,&quot;ekit_we_effect_on&quot;:&quot;none&quot;}\" data-widget_type=\"text-editor.default\">\n\t\t\t\t<div class=\"elementor-widget-container\">\n\t\t\t\t\t\t\t\t\t<p><span style=\"color: var( --e-global-color-e386ea4 );\"><b>\u2013 Ilumina\u00e7\u00e3o:<\/b> A luz come\u00e7a a desaparecer, criando um ambiente de transi\u00e7\u00e3o entre o dia e a noite. As sombras aumentam e a visibilidade come\u00e7a a diminuir.<\/span><\/p><p>&#8211; <b>Atividades dos NPCs:<\/b> Algumas lojas come\u00e7am a fechar, enquanto outros estabelecimentos, como tabernas, come\u00e7am a abrir.<br \/><b>&#8211; Fauna:<\/b> Uma mudan\u00e7a gradual na fauna, com criaturas noturnas come\u00e7ando a aparecer.<\/p>\t\t\t\t\t\t\t\t<\/div>\n\t\t\t\t<\/div>\n\t\t\t\t<div class=\"elementor-element elementor-element-38c62b3 elementor-widget elementor-widget-image\" data-id=\"38c62b3\" data-element_type=\"widget\" data-settings=\"{&quot;ekit_we_effect_on&quot;:&quot;none&quot;}\" data-widget_type=\"image.default\">\n\t\t\t\t<div class=\"elementor-widget-container\">\n\t\t\t\t\t\t\t\t\t\t\t\t\t\t\t<img decoding=\"async\" width=\"800\" height=\"450\" src=\"https:\/\/mythonline.com\/wp-content\/uploads\/2024\/05\/por-do-sol-1024x576.jpg\" class=\"attachment-large size-large wp-image-3930\" alt=\"\" srcset=\"https:\/\/mythonline.com\/wp-content\/uploads\/2024\/05\/por-do-sol-1024x576.jpg 1024w, https:\/\/mythonline.com\/wp-content\/uploads\/2024\/05\/por-do-sol-300x169.jpg 300w, https:\/\/mythonline.com\/wp-content\/uploads\/2024\/05\/por-do-sol-768x432.jpg 768w, https:\/\/mythonline.com\/wp-content\/uploads\/2024\/05\/por-do-sol-1536x864.jpg 1536w, https:\/\/mythonline.com\/wp-content\/uploads\/2024\/05\/por-do-sol-2048x1152.jpg 2048w, https:\/\/mythonline.com\/wp-content\/uploads\/2024\/05\/por-do-sol-18x10.jpg 18w\" sizes=\"(max-width: 800px) 100vw, 800px\" \/>\t\t\t\t\t\t\t\t\t\t\t\t\t\t\t<\/div>\n\t\t\t\t<\/div>\n\t\t\t\t<div class=\"elementor-element elementor-element-520f59b elementor-invisible elementor-widget elementor-widget-heading\" data-id=\"520f59b\" data-element_type=\"widget\" data-settings=\"{&quot;_animation&quot;:&quot;fadeIn&quot;,&quot;ekit_we_effect_on&quot;:&quot;none&quot;}\" data-widget_type=\"heading.default\">\n\t\t\t\t<div class=\"elementor-widget-container\">\n\t\t\t\t\t<h3 class=\"elementor-heading-title elementor-size-default\">Noite:<\/h3>\t\t\t\t<\/div>\n\t\t\t\t<\/div>\n\t\t\t\t<div class=\"elementor-element elementor-element-0c1f6f7 elementor-invisible elementor-widget elementor-widget-text-editor\" data-id=\"0c1f6f7\" data-element_type=\"widget\" data-settings=\"{&quot;_animation&quot;:&quot;fadeIn&quot;,&quot;ekit_we_effect_on&quot;:&quot;none&quot;}\" data-widget_type=\"text-editor.default\">\n\t\t\t\t<div class=\"elementor-widget-container\">\n\t\t\t\t\t\t\t\t\t<p class=\"p1\">\u2022 <b>Ilumina\u00e7\u00e3o:<\/b> A visibilidade \u00e9 significativamente reduzida. Fontes de luz como tochas e lanternas se tornam essenciais.<\/p><p class=\"p1\">\u2022 <b>Atividades dos NPCs:<\/b> A maioria dos NPCs est\u00e3o inativos ou dormindo, mas alguns NPCs especiais podem oferecer miss\u00f5es ou intera\u00e7\u00f5es \u00fanicas.<\/p><p class=\"p1\">\u2022 <b>Fauna:<\/b> Um aumento significativo de criaturas noturnas e mais perigosas, tornando a explora\u00e7\u00e3o e o combate mais desafiadores.<\/p>\t\t\t\t\t\t\t\t<\/div>\n\t\t\t\t<\/div>\n\t\t\t\t<div class=\"elementor-element elementor-element-0535186 elementor-widget elementor-widget-image\" data-id=\"0535186\" data-element_type=\"widget\" data-settings=\"{&quot;ekit_we_effect_on&quot;:&quot;none&quot;}\" data-widget_type=\"image.default\">\n\t\t\t\t<div class=\"elementor-widget-container\">\n\t\t\t\t\t\t\t\t\t\t\t\t\t\t\t<img loading=\"lazy\" decoding=\"async\" width=\"800\" height=\"450\" src=\"https:\/\/mythonline.com\/wp-content\/uploads\/2024\/05\/noite-1024x576.jpg\" class=\"attachment-large size-large wp-image-3929\" alt=\"\" srcset=\"https:\/\/mythonline.com\/wp-content\/uploads\/2024\/05\/noite-1024x576.jpg 1024w, https:\/\/mythonline.com\/wp-content\/uploads\/2024\/05\/noite-300x169.jpg 300w, https:\/\/mythonline.com\/wp-content\/uploads\/2024\/05\/noite-768x432.jpg 768w, https:\/\/mythonline.com\/wp-content\/uploads\/2024\/05\/noite-1536x864.jpg 1536w, https:\/\/mythonline.com\/wp-content\/uploads\/2024\/05\/noite-2048x1152.jpg 2048w, https:\/\/mythonline.com\/wp-content\/uploads\/2024\/05\/noite-18x10.jpg 18w\" sizes=\"(max-width: 800px) 100vw, 800px\" \/>\t\t\t\t\t\t\t\t\t\t\t\t\t\t\t<\/div>\n\t\t\t\t<\/div>\n\t\t\t\t<div class=\"elementor-element elementor-element-b4cedc5 elementor-invisible elementor-widget elementor-widget-heading\" data-id=\"b4cedc5\" data-element_type=\"widget\" data-settings=\"{&quot;_animation&quot;:&quot;fadeIn&quot;,&quot;ekit_we_effect_on&quot;:&quot;none&quot;}\" data-widget_type=\"heading.default\">\n\t\t\t\t<div class=\"elementor-widget-container\">\n\t\t\t\t\t<h3 class=\"elementor-heading-title elementor-size-default\">Amanhecer:<\/h3>\t\t\t\t<\/div>\n\t\t\t\t<\/div>\n\t\t\t\t<div class=\"elementor-element elementor-element-c7a7dfd elementor-invisible elementor-widget elementor-widget-text-editor\" data-id=\"c7a7dfd\" data-element_type=\"widget\" data-settings=\"{&quot;_animation&quot;:&quot;fadeIn&quot;,&quot;ekit_we_effect_on&quot;:&quot;none&quot;}\" data-widget_type=\"text-editor.default\">\n\t\t\t\t<div class=\"elementor-widget-container\">\n\t\t\t\t\t\t\t\t\t<p class=\"p1\">\u2022 <b>Ilumina\u00e7\u00e3o:<\/b> A luz come\u00e7a a retornar, trazendo um novo dia. A visibilidade melhora gradualmente.<\/p><p class=\"p1\">\u2022 <b>Atividades dos NPCs:<\/b> Os NPCs come\u00e7am a acordar e retomam suas atividades di\u00e1rias.<\/p><p class=\"p1\">\u2022 <b>Fauna:<\/b> Um retorno gradual das criaturas diurnas, com as noturnas se retirando para seus esconderijos.<\/p>\t\t\t\t\t\t\t\t<\/div>\n\t\t\t\t<\/div>\n\t\t\t\t<div class=\"elementor-element elementor-element-acd3bf7 elementor-widget elementor-widget-image\" data-id=\"acd3bf7\" data-element_type=\"widget\" data-settings=\"{&quot;ekit_we_effect_on&quot;:&quot;none&quot;}\" data-widget_type=\"image.default\">\n\t\t\t\t<div class=\"elementor-widget-container\">\n\t\t\t\t\t\t\t\t\t\t\t\t\t\t\t<img loading=\"lazy\" decoding=\"async\" width=\"800\" height=\"450\" src=\"https:\/\/mythonline.com\/wp-content\/uploads\/2024\/05\/amanhecer-1024x576.jpg\" class=\"attachment-large size-large wp-image-3926\" alt=\"\" srcset=\"https:\/\/mythonline.com\/wp-content\/uploads\/2024\/05\/amanhecer-1024x576.jpg 1024w, https:\/\/mythonline.com\/wp-content\/uploads\/2024\/05\/amanhecer-300x169.jpg 300w, https:\/\/mythonline.com\/wp-content\/uploads\/2024\/05\/amanhecer-768x432.jpg 768w, https:\/\/mythonline.com\/wp-content\/uploads\/2024\/05\/amanhecer-1536x864.jpg 1536w, https:\/\/mythonline.com\/wp-content\/uploads\/2024\/05\/amanhecer-2048x1152.jpg 2048w, https:\/\/mythonline.com\/wp-content\/uploads\/2024\/05\/amanhecer-18x10.jpg 18w\" sizes=\"(max-width: 800px) 100vw, 800px\" \/>\t\t\t\t\t\t\t\t\t\t\t\t\t\t\t<\/div>\n\t\t\t\t<\/div>\n\t\t\t\t<div class=\"elementor-element elementor-element-2c0755d elementor-widget elementor-widget-heading\" data-id=\"2c0755d\" data-element_type=\"widget\" data-settings=\"{&quot;ekit_we_effect_on&quot;:&quot;none&quot;}\" data-widget_type=\"heading.default\">\n\t\t\t\t<div class=\"elementor-widget-container\">\n\t\t\t\t\t<h3 class=\"elementor-heading-title elementor-size-default\">Impacto na Jogabilidade<\/h3>\t\t\t\t<\/div>\n\t\t\t\t<\/div>\n\t\t\t\t<div class=\"elementor-element elementor-element-53d3daa elementor-invisible elementor-widget elementor-widget-heading\" data-id=\"53d3daa\" data-element_type=\"widget\" data-settings=\"{&quot;_animation&quot;:&quot;fadeIn&quot;,&quot;ekit_we_effect_on&quot;:&quot;none&quot;}\" data-widget_type=\"heading.default\">\n\t\t\t\t<div class=\"elementor-widget-container\">\n\t\t\t\t\t<h3 class=\"elementor-heading-title elementor-size-default\">Visibilidade e Furtividade\n<\/h3>\t\t\t\t<\/div>\n\t\t\t\t<\/div>\n\t\t\t\t<div class=\"elementor-element elementor-element-21304bc elementor-invisible elementor-widget elementor-widget-text-editor\" data-id=\"21304bc\" data-element_type=\"widget\" data-settings=\"{&quot;_animation&quot;:&quot;fadeIn&quot;,&quot;ekit_we_effect_on&quot;:&quot;none&quot;}\" data-widget_type=\"text-editor.default\">\n\t\t\t\t<div class=\"elementor-widget-container\">\n\t\t\t\t\t\t\t\t\t<ul><li><p class=\"p1\">Durante a noite, a visibilidade \u00e9 reduzida, tornando a furtividade mais efetiva. Personagens com habilidades de vis\u00e3o noturna ou aqueles que usam fontes de luz ter\u00e3o vantagens em combate e explora\u00e7\u00e3o.<\/p><\/li><li><p class=\"p1\">Algumas habilidades recebem b\u00f4nus durante a noite, enquanto outras podem ser reduzidas durante o dia.<\/p><\/li><\/ul>\t\t\t\t\t\t\t\t<\/div>\n\t\t\t\t<\/div>\n\t\t\t\t<div class=\"elementor-element elementor-element-47c3e84 elementor-invisible elementor-widget elementor-widget-heading\" data-id=\"47c3e84\" data-element_type=\"widget\" data-settings=\"{&quot;_animation&quot;:&quot;fadeIn&quot;,&quot;ekit_we_effect_on&quot;:&quot;none&quot;}\" data-widget_type=\"heading.default\">\n\t\t\t\t<div class=\"elementor-widget-container\">\n\t\t\t\t\t<h3 class=\"elementor-heading-title elementor-size-default\">Combate e Estrat\u00e9gia<\/h3>\t\t\t\t<\/div>\n\t\t\t\t<\/div>\n\t\t\t\t<div class=\"elementor-element elementor-element-453de7e elementor-invisible elementor-widget elementor-widget-text-editor\" data-id=\"453de7e\" data-element_type=\"widget\" data-settings=\"{&quot;_animation&quot;:&quot;fadeIn&quot;,&quot;ekit_we_effect_on&quot;:&quot;none&quot;}\" data-widget_type=\"text-editor.default\">\n\t\t\t\t<div class=\"elementor-widget-container\">\n\t\t\t\t\t\t\t\t\t<ul><li class=\"p1\">Alguns inimigos s\u00e3o mais fracos ou mais fortes dependendo da hora do dia. Planejar ataques e ca\u00e7adas de acordo com o ciclo do dia e da noite pode ser crucial para o sucesso.<\/li><\/ul>\t\t\t\t\t\t\t\t<\/div>\n\t\t\t\t<\/div>\n\t\t\t\t<div class=\"elementor-element elementor-element-fa0c4d6 elementor-invisible elementor-widget elementor-widget-heading\" data-id=\"fa0c4d6\" data-element_type=\"widget\" data-settings=\"{&quot;_animation&quot;:&quot;fadeIn&quot;,&quot;ekit_we_effect_on&quot;:&quot;none&quot;}\" data-widget_type=\"heading.default\">\n\t\t\t\t<div class=\"elementor-widget-container\">\n\t\t\t\t\t<h3 class=\"elementor-heading-title elementor-size-default\">Miss\u00f5es e Eventos<\/h3>\t\t\t\t<\/div>\n\t\t\t\t<\/div>\n\t\t\t\t<div class=\"elementor-element elementor-element-2eb5f70 elementor-invisible elementor-widget elementor-widget-text-editor\" data-id=\"2eb5f70\" data-element_type=\"widget\" data-settings=\"{&quot;_animation&quot;:&quot;fadeIn&quot;,&quot;ekit_we_effect_on&quot;:&quot;none&quot;}\" data-widget_type=\"text-editor.default\">\n\t\t\t\t<div class=\"elementor-widget-container\">\n\t\t\t\t\t\t\t\t\t<ul><li class=\"p1\">Certas miss\u00f5es s\u00f3 podem ser conclu\u00eddas durante per\u00edodos espec\u00edficos. Eventos especiais, como festivais ou ataques de monstros, podem ocorrer em hor\u00e1rios definidos, encorajando os jogadores a explorar o mundo em momentos diferentes.<\/li><\/ul>\t\t\t\t\t\t\t\t<\/div>\n\t\t\t\t<\/div>\n\t\t\t\t\t<\/div>\n\t\t\t\t<\/div>\n\t\t\t\t\t<\/div>\n\t\t\t\t<\/div>\n\t\t\t\t<\/div>","protected":false},"excerpt":{"rendered":"<p>Day and Night Cycle System Introduction to the Day and Night Cycle System Our game features a day and night cycle system that adds an extra layer of immersion and strategy to the gameplay. This cycle not only changes the appearance of the world but also affects gameplay, NPC activities, and player abilities. Cycle Duration: [&hellip;]<\/p>","protected":false},"author":3,"featured_media":0,"parent":0,"menu_order":0,"comment_status":"closed","ping_status":"closed","template":"elementor_header_footer","meta":{"_acf_changed":false,"inline_featured_image":false,"footnotes":""},"class_list":["post-3902","page","type-page","status-publish","hentry"],"acf":[],"_links":{"self":[{"href":"https:\/\/mythonline.com\/pt\/wp-json\/wp\/v2\/pages\/3902","targetHints":{"allow":["GET"]}}],"collection":[{"href":"https:\/\/mythonline.com\/pt\/wp-json\/wp\/v2\/pages"}],"about":[{"href":"https:\/\/mythonline.com\/pt\/wp-json\/wp\/v2\/types\/page"}],"author":[{"embeddable":true,"href":"https:\/\/mythonline.com\/pt\/wp-json\/wp\/v2\/users\/3"}],"replies":[{"embeddable":true,"href":"https:\/\/mythonline.com\/pt\/wp-json\/wp\/v2\/comments?post=3902"}],"version-history":[{"count":7,"href":"https:\/\/mythonline.com\/pt\/wp-json\/wp\/v2\/pages\/3902\/revisions"}],"predecessor-version":[{"id":5219,"href":"https:\/\/mythonline.com\/pt\/wp-json\/wp\/v2\/pages\/3902\/revisions\/5219"}],"wp:attachment":[{"href":"https:\/\/mythonline.com\/pt\/wp-json\/wp\/v2\/media?parent=3902"}],"curies":[{"name":"wp","href":"https:\/\/api.w.org\/{rel}","templated":true}]}}