{"id":4787,"date":"2025-03-28T16:44:47","date_gmt":"2025-03-28T16:44:47","guid":{"rendered":"https:\/\/mythonline.com\/?page_id=4787"},"modified":"2025-07-24T19:09:16","modified_gmt":"2025-07-24T19:09:16","slug":"news","status":"publish","type":"page","link":"https:\/\/mythonline.com\/pt\/news\/","title":{"rendered":"News"},"content":{"rendered":"<div data-elementor-type=\"wp-page\" data-elementor-id=\"4787\" class=\"elementor elementor-4787\" data-elementor-post-type=\"page\">\n\t\t\t\t<div class=\"elementor-element elementor-element-e6e7e9c e-flex e-con-boxed e-con e-parent\" data-id=\"e6e7e9c\" data-element_type=\"container\">\n\t\t\t\t\t<div class=\"e-con-inner\">\n\t\t\t\t<div class=\"elementor-element elementor-element-d2d68a1 elementor-widget elementor-widget-text-editor\" data-id=\"d2d68a1\" data-element_type=\"widget\" data-settings=\"{&quot;ekit_we_effect_on&quot;:&quot;none&quot;}\" data-widget_type=\"text-editor.default\">\n\t\t\t\t<div class=\"elementor-widget-container\">\n\t\t\t\t\t\t\t\t\t<h1>\u00daltimas not\u00edcias<\/h1>\t\t\t\t\t\t\t\t<\/div>\n\t\t\t\t<\/div>\n\t\t\t\t<div class=\"elementor-element elementor-element-5d2e160 elementor-grid-3 elementor-grid-tablet-2 elementor-grid-mobile-1 elementor-widget elementor-widget-loop-grid\" data-id=\"5d2e160\" data-element_type=\"widget\" data-settings=\"{&quot;template_id&quot;:&quot;4771&quot;,&quot;columns&quot;:3,&quot;_skin&quot;:&quot;post&quot;,&quot;columns_tablet&quot;:&quot;2&quot;,&quot;columns_mobile&quot;:&quot;1&quot;,&quot;edit_handle_selector&quot;:&quot;[data-elementor-type=\\&quot;loop-item\\&quot;]&quot;,&quot;row_gap&quot;:{&quot;unit&quot;:&quot;px&quot;,&quot;size&quot;:&quot;&quot;,&quot;sizes&quot;:[]},&quot;row_gap_tablet&quot;:{&quot;unit&quot;:&quot;px&quot;,&quot;size&quot;:&quot;&quot;,&quot;sizes&quot;:[]},&quot;row_gap_mobile&quot;:{&quot;unit&quot;:&quot;px&quot;,&quot;size&quot;:&quot;&quot;,&quot;sizes&quot;:[]},&quot;ekit_we_effect_on&quot;:&quot;none&quot;}\" data-widget_type=\"loop-grid.post\">\n\t\t\t\t<div class=\"elementor-widget-container\">\n\t\t\t\t\t\t\t<div class=\"elementor-loop-container elementor-grid\">\n\t\t<style id=\"loop-dynamic-4771\">.e-loop-item-4785 .elementor-element.elementor-element-778c0f6:not(.elementor-motion-effects-element-type-background), .e-loop-item-4785 .elementor-element.elementor-element-778c0f6 > .elementor-motion-effects-container > .elementor-motion-effects-layer{background-image:url(\"https:\/\/mythonline.com\/wp-content\/uploads\/2024\/12\/MythBannerB.png\");}<\/style><style id=\"loop-4771\">.elementor-4771 .elementor-element.elementor-element-8ed390f{--display:flex;--flex-direction:column;--container-widget-width:100%;--container-widget-height:initial;--container-widget-flex-grow:0;--container-widget-align-self:initial;--flex-wrap-mobile:wrap;border-style:solid;--border-style:solid;border-width:2px 2px 2px 2px;--border-top-width:2px;--border-right-width:2px;--border-bottom-width:2px;--border-left-width:2px;border-color:var( --e-global-color-d4530ff );--border-color:var( --e-global-color-d4530ff );--border-radius:18px 18px 18px 18px;--padding-top:10px;--padding-bottom:10px;--padding-left:10px;--padding-right:10px;overflow:visible;}.elementor-4771 .elementor-element.elementor-element-778c0f6{--display:flex;--min-height:300px;--flex-direction:column;--container-widget-width:100%;--container-widget-height:initial;--container-widget-flex-grow:0;--container-widget-align-self:initial;--flex-wrap-mobile:wrap;--justify-content:flex-end;--gap:0px 0px;--row-gap:0px;--column-gap:0px;--border-radius:10px 10px 10px 10px;--margin-top:0px;--margin-bottom:0px;--margin-left:0px;--margin-right:0px;--padding-top:0px;--padding-bottom:0px;--padding-left:0px;--padding-right:0px;overflow:visible;}.elementor-4771 .elementor-element.elementor-element-778c0f6:not(.elementor-motion-effects-element-type-background), .elementor-4771 .elementor-element.elementor-element-778c0f6 > .elementor-motion-effects-container > .elementor-motion-effects-layer{background-color:var( --e-global-color-d4530ff );background-position:center center;background-size:cover;}.elementor-4771 .elementor-element.elementor-element-a12ac33{--display:flex;--min-height:115px;--gap:10px 10px;--row-gap:10px;--column-gap:10px;--border-radius:0px 0px 10px 10px;--margin-top:10px;--margin-bottom:0px;--margin-left:0px;--margin-right:0px;--padding-top:10px;--padding-bottom:10px;--padding-left:20px;--padding-right:20px;overflow:visible;}.elementor-4771 .elementor-element.elementor-element-a12ac33:not(.elementor-motion-effects-element-type-background), .elementor-4771 .elementor-element.elementor-element-a12ac33 > .elementor-motion-effects-container > .elementor-motion-effects-layer{background-color:#160707B8;}.elementor-widget-post-info .elementor-icon-list-item:not(:last-child):after{border-color:var( --e-global-color-text );}.elementor-widget-post-info .elementor-icon-list-icon i{color:var( --e-global-color-primary );}.elementor-widget-post-info .elementor-icon-list-icon svg{fill:var( --e-global-color-primary );}.elementor-widget-post-info .elementor-icon-list-text, .elementor-widget-post-info .elementor-icon-list-text a{color:var( --e-global-color-secondary );}.elementor-widget-post-info .elementor-icon-list-item{font-family:var( --e-global-typography-text-font-family ), Sans-serif;font-weight:var( --e-global-typography-text-font-weight );}.elementor-4771 .elementor-element.elementor-element-5eec991 > .elementor-widget-container{padding:0px 0px 0px 0px;border-radius:0px 0px 0px 0px;}.elementor-4771 .elementor-element.elementor-element-5eec991.elementor-element{--align-self:flex-start;}.elementor-4771 .elementor-element.elementor-element-5eec991 .elementor-icon-list-icon i{color:var( --e-global-color-ae1b06d );font-size:10px;}.elementor-4771 .elementor-element.elementor-element-5eec991 .elementor-icon-list-icon svg{fill:var( --e-global-color-ae1b06d );--e-icon-list-icon-size:10px;}.elementor-4771 .elementor-element.elementor-element-5eec991 .elementor-icon-list-icon{width:10px;}.elementor-4771 .elementor-element.elementor-element-5eec991 .elementor-icon-list-text, .elementor-4771 .elementor-element.elementor-element-5eec991 .elementor-icon-list-text a{color:var( --e-global-color-e386ea4 );}.elementor-4771 .elementor-element.elementor-element-5eec991 .elementor-icon-list-item{font-family:\"Roboto\", Sans-serif;font-size:12px;font-weight:600;}.elementor-widget-theme-post-title .elementor-heading-title{font-family:var( --e-global-typography-primary-font-family ), Sans-serif;font-weight:var( --e-global-typography-primary-font-weight );color:var( --e-global-color-primary );}.elementor-4771 .elementor-element.elementor-element-9d6096c > .elementor-widget-container{margin:5px 0px 5px 0px;}.elementor-4771 .elementor-element.elementor-element-9d6096c{text-align:left;}.elementor-4771 .elementor-element.elementor-element-9d6096c .elementor-heading-title{font-family:\"Sora\", Sans-serif;font-size:16px;font-weight:600;color:var( --e-global-color-e386ea4 );}.elementor-widget-button .elementor-button{background-color:var( --e-global-color-accent );font-family:var( --e-global-typography-accent-font-family ), Sans-serif;font-weight:var( --e-global-typography-accent-font-weight );}.elementor-4771 .elementor-element.elementor-element-b4007ce .elementor-button{background-color:#16070700;fill:var( --e-global-color-e386ea4 );color:var( --e-global-color-e386ea4 );border-radius:5px 5px 5px 5px;padding:8px 15px 8px 0px;}@media(max-width:767px){.elementor-4771 .elementor-element.elementor-element-778c0f6{--min-height:250px;}.elementor-4771 .elementor-element.elementor-element-9d6096c .elementor-heading-title{font-size:16px;}}<\/style>\t\t<div data-elementor-type=\"loop-item\" data-elementor-id=\"4771\" class=\"elementor elementor-4771 e-loop-item e-loop-item-4785 post-4785 post type-post status-publish format-standard has-post-thumbnail hentry category-noticia\" data-elementor-post-type=\"elementor_library\" data-custom-edit-handle=\"1\">\n\t\t\t<div class=\"elementor-element elementor-element-8ed390f e-flex e-con-boxed e-con e-parent\" data-id=\"8ed390f\" data-element_type=\"container\">\n\t\t\t\t\t<div class=\"e-con-inner\">\n\t\t<div class=\"elementor-element elementor-element-778c0f6 e-con-full e-flex e-con e-child\" data-id=\"778c0f6\" data-element_type=\"container\" data-settings=\"{&quot;background_background&quot;:&quot;classic&quot;}\">\n\t\t<div class=\"elementor-element elementor-element-a12ac33 e-con-full e-flex e-con e-child\" data-id=\"a12ac33\" data-element_type=\"container\" data-settings=\"{&quot;background_background&quot;:&quot;classic&quot;}\">\n\t\t\t\t<div class=\"elementor-element elementor-element-5eec991 elementor-widget elementor-widget-post-info\" data-id=\"5eec991\" data-element_type=\"widget\" data-settings=\"{&quot;ekit_we_effect_on&quot;:&quot;none&quot;}\" data-widget_type=\"post-info.default\">\n\t\t\t\t<div class=\"elementor-widget-container\">\n\t\t\t\t\t\t\t<ul class=\"elementor-inline-items elementor-icon-list-items elementor-post-info\">\n\t\t\t\t\t\t\t\t<li class=\"elementor-icon-list-item elementor-repeater-item-19c4ab5 elementor-inline-item\" itemprop=\"datePublished\">\n\t\t\t\t\t\t\t\t\t\t<span class=\"elementor-icon-list-icon\">\n\t\t\t\t\t\t\t\t<svg aria-hidden=\"true\" class=\"e-font-icon-svg e-fas-calendar\" viewbox=\"0 0 448 512\" xmlns=\"http:\/\/www.w3.org\/2000\/svg\"><path d=\"M12 192h424c6.6 0 12 5.4 12 12v260c0 26.5-21.5 48-48 48H48c-26.5 0-48-21.5-48-48V204c0-6.6 5.4-12 12-12zm436-44v-36c0-26.5-21.5-48-48-48h-48V12c0-6.6-5.4-12-12-12h-40c-6.6 0-12 5.4-12 12v52H160V12c0-6.6-5.4-12-12-12h-40c-6.6 0-12 5.4-12 12v52H48C21.5 64 0 85.5 0 112v36c0 6.6 5.4 12 12 12h424c6.6 0 12-5.4 12-12z\"><\/path><\/svg>\t\t\t\t\t\t\t<\/span>\n\t\t\t\t\t\t\t\t\t<span class=\"elementor-icon-list-text elementor-post-info__item elementor-post-info__item--type-date\">\n\t\t\t\t\t\t\t\t\t\t<time>24\/07\/2025<\/time>\t\t\t\t\t<\/span>\n\t\t\t\t\t\t\t\t<\/li>\n\t\t\t\t<\/ul>\n\t\t\t\t\t\t<\/div>\n\t\t\t\t<\/div>\n\t\t\t\t<div class=\"elementor-element elementor-element-9d6096c elementor-widget elementor-widget-theme-post-title elementor-page-title elementor-widget-heading\" data-id=\"9d6096c\" data-element_type=\"widget\" data-settings=\"{&quot;ekit_we_effect_on&quot;:&quot;none&quot;}\" data-widget_type=\"theme-post-title.default\">\n\t\t\t\t<div class=\"elementor-widget-container\">\n\t\t\t\t\t<h5 class=\"elementor-heading-title elementor-size-default\"><a href=\"https:\/\/mythonline.com\/pt\/launch-of-the-news-page\/\">Lan\u00e7amento da P\u00e1gina de Not\u00edcias \u2013 Acompanhe Nossas Atualiza\u00e7\u00f5es<\/a><\/h5>\t\t\t\t<\/div>\n\t\t\t\t<\/div>\n\t\t\t\t<div class=\"elementor-element elementor-element-b4007ce elementor-align-left elementor-widget elementor-widget-button\" data-id=\"b4007ce\" data-element_type=\"widget\" data-settings=\"{&quot;ekit_we_effect_on&quot;:&quot;none&quot;}\" data-widget_type=\"button.default\">\n\t\t\t\t<div class=\"elementor-widget-container\">\n\t\t\t\t\t\t\t\t\t<div class=\"elementor-button-wrapper\">\n\t\t\t\t\t<a class=\"elementor-button elementor-button-link elementor-size-sm elementor-animation-shrink\" href=\"https:\/\/mythonline.com\/pt\/launch-of-the-news-page\/\">\n\t\t\t\t\t\t<span class=\"elementor-button-content-wrapper\">\n\t\t\t\t\t\t\t\t\t<span class=\"elementor-button-text\">Leia mais<\/span>\n\t\t\t\t\t<\/span>\n\t\t\t\t\t<\/a>\n\t\t\t\t<\/div>\n\t\t\t\t\t\t\t\t<\/div>\n\t\t\t\t<\/div>\n\t\t\t\t<\/div>\n\t\t\t\t<\/div>\n\t\t\t\t\t<\/div>\n\t\t\t\t<\/div>\n\t\t\t\t<\/div>\n\t\t\t\t<\/div>\n\t\t\n\t\t\t\t\t\t<\/div>\n\t\t\t\t<\/div>\n\t\t\t\t\t<\/div>\n\t\t\t\t<\/div>\n\t\t\t\t<\/div>","protected":false},"excerpt":{"rendered":"<p>\u00daltimas not\u00edcias<\/p>","protected":false},"author":4,"featured_media":0,"parent":0,"menu_order":0,"comment_status":"closed","ping_status":"closed","template":"elementor_header_footer","meta":{"_acf_changed":false,"inline_featured_image":false,"footnotes":""},"class_list":["post-4787","page","type-page","status-publish","hentry"],"acf":[],"_links":{"self":[{"href":"https:\/\/mythonline.com\/pt\/wp-json\/wp\/v2\/pages\/4787","targetHints":{"allow":["GET"]}}],"collection":[{"href":"https:\/\/mythonline.com\/pt\/wp-json\/wp\/v2\/pages"}],"about":[{"href":"https:\/\/mythonline.com\/pt\/wp-json\/wp\/v2\/types\/page"}],"author":[{"embeddable":true,"href":"https:\/\/mythonline.com\/pt\/wp-json\/wp\/v2\/users\/4"}],"replies":[{"embeddable":true,"href":"https:\/\/mythonline.com\/pt\/wp-json\/wp\/v2\/comments?post=4787"}],"version-history":[{"count":45,"href":"https:\/\/mythonline.com\/pt\/wp-json\/wp\/v2\/pages\/4787\/revisions"}],"predecessor-version":[{"id":5412,"href":"https:\/\/mythonline.com\/pt\/wp-json\/wp\/v2\/pages\/4787\/revisions\/5412"}],"wp:attachment":[{"href":"https:\/\/mythonline.com\/pt\/wp-json\/wp\/v2\/media?parent=4787"}],"curies":[{"name":"wp","href":"https:\/\/api.w.org\/{rel}","templated":true}]}}